{"id":1083,"date":"2012-07-23T14:17:26","date_gmt":"2012-07-23T13:17:26","guid":{"rendered":"http:\/\/www.bestofrome.fr\/carte-des-sites-touristiques\/"},"modified":"2025-07-04T09:15:46","modified_gmt":"2025-07-04T08:15:46","slug":"carte-des-sites-touristiques","status":"publish","type":"page","link":"https:\/\/www.bestofrome.fr\/de\/carte-des-sites-touristiques\/","title":{"rendered":"Cartes des sites touristiques"},"content":{"rendered":"\n<h2 title=\"legende carte touristique\">Les principaux lieux \u00e0 d\u00e9couvrir<\/h2>\n<div id=\"travelersmap-container-6a00bce69827b\" class=\"travelersmap-container\" style=\"z-index: 1; min-height: 10px; min-width:10px; height:425px;width:100%; max-width:; max-height:; position:relative;\"><div style=\"position:absolute; z-index:-1;top: 50%;text-align: center;display: block;left: 50%;transform: translate(-50%,-50%);\">Travelers' Map is loading... <br> If you see this after your page is loaded completely, leafletJS files are missing.<\/div><\/div>\n<h2 title=\"legende carte touristique\">Tous les sites sans les mus\u00e9es<\/h2>\n<div id=\"travelersmap-container-6a00bce6b81f7\" class=\"travelersmap-container\" style=\"z-index: 1; min-height: 10px; min-width:10px; height:425px;width:100%; max-width:; max-height:; position:relative;\"><div style=\"position:absolute; z-index:-1;top: 50%;text-align: center;display: block;left: 50%;transform: translate(-50%,-50%);\">Travelers' Map is loading... <br> If you see this after your page is loaded completely, leafletJS files are missing.<\/div><\/div>\n<div id=\"attachment_531\" style=\"width: 310px\" class=\"wp-caption alignright\"><a href=\"https:\/\/www.bestofrome.fr\/wp-content\/uploads\/2012\/07\/legende.jpg\"><img aria-describedby=\"caption-attachment-531\" loading=\"lazy\" class=\"size-full wp-image-531\" title=\"l\u00e9gende de la carte de Rome\" src=\"https:\/\/www.bestofrome.fr\/wp-content\/uploads\/2012\/07\/legende.jpg\" alt=\"l\u00e9gende de la carte de Rome\" width=\"300\" height=\"241\" srcset=\"https:\/\/www.bestofrome.fr\/wp-content\/uploads\/2012\/07\/legende.jpg 300w, https:\/\/www.bestofrome.fr\/wp-content\/uploads\/2012\/07\/legende-150x120.jpg 150w\" sizes=\"(max-width: 300px) 100vw, 300px\" \/><\/a><p id=\"caption-attachment-531\" class=\"wp-caption-text\">L\u00e9gende<\/p><\/div>\n<p>Cliquez pour ouvrir une br\u00e8ve description, cliquez de nouveau sur celle-ci pour acc\u00e9der \u00e0 plus d&#8217;informations sur la page d\u00e9di\u00e9e.<\/p>\n<p>\u00a0<\/p>\n<p>\u00a0<\/p>\n<p>\u00a0<\/p>\n<p>\u00a0<\/p>\n\n\n<h2>Carte avec les mus\u00e9es seulement<\/h2>\n\n\n<div id=\"travelersmap-container-6a00bce6c044d\" class=\"travelersmap-container\" style=\"z-index: 1; min-height: 10px; min-width:10px; height:425px;width:100%; max-width:; max-height:; position:relative;\"><div style=\"position:absolute; z-index:-1;top: 50%;text-align: center;display: block;left: 50%;transform: translate(-50%,-50%);\">Travelers' Map is loading... <br> If you see this after your page is loaded completely, leafletJS files are missing.<\/div><\/div>\n<p>\u00a0<\/p>\n<h2>Carte avec les Points d&#8217;Informations touristiques<\/h2>\n<div id=\"cttm-shortcode-helper\"><div id=\"travelersmap-container-6a00bce6c15e7\" class=\"travelersmap-container\" style=\"z-index: 1; min-height: 10px; min-width:10px; height:425px;width:100%; max-width:; max-height:; position:relative;\"><div style=\"position:absolute; z-index:-1;top: 50%;text-align: center;display: block;left: 50%;transform: translate(-50%,-50%);\">Travelers' Map is loading... <br> If you see this after your page is loaded completely, leafletJS files are missing.<\/div><\/div><\/div>","protected":false},"excerpt":{"rendered":"<p>Die P.I.T. (Punkte f\u00fcr Touristeninformationen) sind Anlaufstellen f\u00fcr Touristen in Rom, also die Touristenb\u00fcros, die 365 Tage im Jahr ge\u00f6ffnet sind.<\/p>\n<p>Zus\u00e4tzlich zum mehrsprachigen Personal, das Besuchende informiert, stellt die Stadt Rom sowie weitere \u00f6ffentliche Einrichtungen Werbematerial und touristisch-kulturelle Informationsunterlagen zur Verf\u00fcgung. Je nach Infozentrum (PIT) sind auch Reservierungs\u2011 und Verkaufsdienste f\u00fcr touristisch relevante Produkte [&#8230;]<\/p>\n","protected":false},"author":1,"featured_media":5468,"parent":0,"menu_order":0,"comment_status":"open","ping_status":"closed","template":"","meta":{"_links_to":"","_links_to_target":""},"categories":[525],"yoast_head":"<!-- This site is optimized with the Yoast SEO plugin v17.4 - https:\/\/yoast.com\/wordpress\/plugins\/seo\/ -->\n<title>Cartes des sites touristiques - Besuchen Sie Rom<\/title>\n<meta name=\"description\" content=\"Carte interactive des sites touristiques \u00e0 Rome : antiques, places, mus\u00e9es, \u00e9difices religieux et autres.\" \/>\n<meta name=\"robots\" content=\"index, follow, max-snippet:-1, max-image-preview:large, max-video-preview:-1\" \/>\n<link rel=\"canonical\" href=\"https:\/\/www.bestofrome.fr\/de\/carte-des-sites-touristiques\/\" \/>\n<meta property=\"og:locale\" content=\"de_DE\" \/>\n<meta property=\"og:type\" content=\"article\" \/>\n<meta property=\"og:title\" content=\"Cartes des sites touristiques - Besuchen Sie Rom\" \/>\n<meta property=\"og:description\" content=\"Carte interactive des sites touristiques \u00e0 Rome : antiques, places, mus\u00e9es, \u00e9difices religieux et autres.\" \/>\n<meta property=\"og:url\" content=\"https:\/\/www.bestofrome.fr\/de\/carte-des-sites-touristiques\/\" \/>\n<meta property=\"og:site_name\" content=\"Besuchen Sie Rom\" \/>\n<meta property=\"article:modified_time\" content=\"2025-07-04T08:15:46+00:00\" \/>\n<meta property=\"og:image\" content=\"https:\/\/www.bestofrome.fr\/wp-content\/uploads\/2012\/07\/carte-interactive-sites-touristiques-rome.jpg\" \/>\n\t<meta property=\"og:image:width\" content=\"300\" \/>\n\t<meta property=\"og:image:height\" content=\"274\" \/>\n<meta name=\"twitter:label1\" content=\"Gesch\u00e4tzte Lesezeit\" \/>\n\t<meta name=\"twitter:data1\" content=\"1\u00a0Minute\" \/>\n<script type=\"application\/ld+json\" class=\"yoast-schema-graph\">{\"@context\":\"https:\/\/schema.org\",\"@graph\":[{\"@type\":\"Organization\",\"@id\":\"https:\/\/www.bestofrome.fr\/de\/#organization\",\"name\":\"Bestofrome.fr\",\"url\":\"https:\/\/www.bestofrome.fr\/de\/\",\"sameAs\":[],\"logo\":{\"@type\":\"ImageObject\",\"@id\":\"https:\/\/www.bestofrome.fr\/de\/#logo\",\"inLanguage\":\"de\",\"url\":\"https:\/\/www.bestofrome.fr\/wp-content\/uploads\/2025\/11\/logo512bestofrome.png\",\"contentUrl\":\"https:\/\/www.bestofrome.fr\/wp-content\/uploads\/2025\/11\/logo512bestofrome.png\",\"width\":512,\"height\":512,\"caption\":\"Bestofrome.fr\"},\"image\":{\"@id\":\"https:\/\/www.bestofrome.fr\/de\/#logo\"}},{\"@type\":\"WebSite\",\"@id\":\"https:\/\/www.bestofrome.fr\/de\/#website\",\"url\":\"https:\/\/www.bestofrome.fr\/de\/\",\"name\":\"Besuchen Sie Rom\",\"description\":\"Alles, um nach Rom zu reisen\",\"publisher\":{\"@id\":\"https:\/\/www.bestofrome.fr\/de\/#organization\"},\"potentialAction\":[{\"@type\":\"SearchAction\",\"target\":{\"@type\":\"EntryPoint\",\"urlTemplate\":\"https:\/\/www.bestofrome.fr\/de\/?s={search_term_string}\"},\"query-input\":\"required name=search_term_string\"}],\"inLanguage\":\"de\"},{\"@type\":\"ImageObject\",\"@id\":\"https:\/\/www.bestofrome.fr\/de\/carte-des-sites-touristiques\/#primaryimage\",\"inLanguage\":\"de\",\"url\":\"https:\/\/www.bestofrome.fr\/wp-content\/uploads\/2012\/07\/carte-interactive-sites-touristiques-rome.jpg\",\"contentUrl\":\"https:\/\/www.bestofrome.fr\/wp-content\/uploads\/2012\/07\/carte-interactive-sites-touristiques-rome.jpg\",\"width\":\"300\",\"height\":\"274\"},{\"@type\":\"WebPage\",\"@id\":\"https:\/\/www.bestofrome.fr\/de\/carte-des-sites-touristiques\/#webpage\",\"url\":\"https:\/\/www.bestofrome.fr\/de\/carte-des-sites-touristiques\/\",\"name\":\"Cartes des sites touristiques - Besuchen Sie Rom\",\"isPartOf\":{\"@id\":\"https:\/\/www.bestofrome.fr\/de\/#website\"},\"primaryImageOfPage\":{\"@id\":\"https:\/\/www.bestofrome.fr\/de\/carte-des-sites-touristiques\/#primaryimage\"},\"datePublished\":\"2012-07-23T13:17:26+00:00\",\"dateModified\":\"2025-07-04T08:15:46+00:00\",\"description\":\"Carte interactive des sites touristiques \\u00e0 Rome : antiques, places, mus\\u00e9es, \\u00e9difices religieux et autres.\",\"breadcrumb\":{\"@id\":\"https:\/\/www.bestofrome.fr\/de\/carte-des-sites-touristiques\/#breadcrumb\"},\"inLanguage\":\"de\",\"potentialAction\":[{\"@type\":\"ReadAction\",\"target\":[\"https:\/\/www.bestofrome.fr\/de\/carte-des-sites-touristiques\/\"]}]},{\"@type\":\"BreadcrumbList\",\"@id\":\"https:\/\/www.bestofrome.fr\/de\/carte-des-sites-touristiques\/#breadcrumb\",\"itemListElement\":[{\"@type\":\"ListItem\",\"position\":1,\"name\":\"Accueil\",\"item\":\"https:\/\/www.bestofrome.fr\/de\/bienvenue-2\/\"},{\"@type\":\"ListItem\",\"position\":2,\"name\":\"Cartes des sites touristiques\"}]}]}<\/script>\n<!-- \/ Yoast SEO plugin. -->","yoast_head_json":{"title":"Cartes des sites touristiques - Besuchen Sie Rom","description":"Carte interactive des sites touristiques \u00e0 Rome : antiques, places, mus\u00e9es, \u00e9difices religieux et autres.","robots":{"index":"index","follow":"follow","max-snippet":"max-snippet:-1","max-image-preview":"max-image-preview:large","max-video-preview":"max-video-preview:-1"},"canonical":"https:\/\/www.bestofrome.fr\/de\/carte-des-sites-touristiques\/","og_locale":"de_DE","og_type":"article","og_title":"Cartes des sites touristiques - Besuchen Sie Rom","og_description":"Carte interactive des sites touristiques \u00e0 Rome : antiques, places, mus\u00e9es, \u00e9difices religieux et autres.","og_url":"https:\/\/www.bestofrome.fr\/de\/carte-des-sites-touristiques\/","og_site_name":"Besuchen Sie Rom","article_modified_time":"2025-07-04T08:15:46+00:00","og_image":[{"width":"300","height":"274","url":"https:\/\/www.bestofrome.fr\/wp-content\/uploads\/2012\/07\/carte-interactive-sites-touristiques-rome.jpg","type":"image\/jpeg"}],"twitter_misc":{"Gesch\u00e4tzte Lesezeit":"1\u00a0Minute"},"schema":{"@context":"https:\/\/schema.org","@graph":[{"@type":"Organization","@id":"https:\/\/www.bestofrome.fr\/de\/#organization","name":"Bestofrome.fr","url":"https:\/\/www.bestofrome.fr\/de\/","sameAs":[],"logo":{"@type":"ImageObject","@id":"https:\/\/www.bestofrome.fr\/de\/#logo","inLanguage":"de","url":"https:\/\/www.bestofrome.fr\/wp-content\/uploads\/2025\/11\/logo512bestofrome.png","contentUrl":"https:\/\/www.bestofrome.fr\/wp-content\/uploads\/2025\/11\/logo512bestofrome.png","width":512,"height":512,"caption":"Bestofrome.fr"},"image":{"@id":"https:\/\/www.bestofrome.fr\/de\/#logo"}},{"@type":"WebSite","@id":"https:\/\/www.bestofrome.fr\/de\/#website","url":"https:\/\/www.bestofrome.fr\/de\/","name":"Besuchen Sie Rom","description":"Alles, um nach Rom zu reisen","publisher":{"@id":"https:\/\/www.bestofrome.fr\/de\/#organization"},"potentialAction":[{"@type":"SearchAction","target":{"@type":"EntryPoint","urlTemplate":"https:\/\/www.bestofrome.fr\/de\/?s={search_term_string}"},"query-input":"required name=search_term_string"}],"inLanguage":"de"},{"@type":"ImageObject","@id":"https:\/\/www.bestofrome.fr\/de\/carte-des-sites-touristiques\/#primaryimage","inLanguage":"de","url":"https:\/\/www.bestofrome.fr\/wp-content\/uploads\/2012\/07\/carte-interactive-sites-touristiques-rome.jpg","contentUrl":"https:\/\/www.bestofrome.fr\/wp-content\/uploads\/2012\/07\/carte-interactive-sites-touristiques-rome.jpg","width":"300","height":"274"},{"@type":"WebPage","@id":"https:\/\/www.bestofrome.fr\/de\/carte-des-sites-touristiques\/#webpage","url":"https:\/\/www.bestofrome.fr\/de\/carte-des-sites-touristiques\/","name":"Cartes des sites touristiques - Besuchen Sie Rom","isPartOf":{"@id":"https:\/\/www.bestofrome.fr\/de\/#website"},"primaryImageOfPage":{"@id":"https:\/\/www.bestofrome.fr\/de\/carte-des-sites-touristiques\/#primaryimage"},"datePublished":"2012-07-23T13:17:26+00:00","dateModified":"2025-07-04T08:15:46+00:00","description":"Carte interactive des sites touristiques \u00e0 Rome : antiques, places, mus\u00e9es, \u00e9difices religieux et autres.","breadcrumb":{"@id":"https:\/\/www.bestofrome.fr\/de\/carte-des-sites-touristiques\/#breadcrumb"},"inLanguage":"de","potentialAction":[{"@type":"ReadAction","target":["https:\/\/www.bestofrome.fr\/de\/carte-des-sites-touristiques\/"]}]},{"@type":"BreadcrumbList","@id":"https:\/\/www.bestofrome.fr\/de\/carte-des-sites-touristiques\/#breadcrumb","itemListElement":[{"@type":"ListItem","position":1,"name":"Accueil","item":"https:\/\/www.bestofrome.fr\/de\/bienvenue-2\/"},{"@type":"ListItem","position":2,"name":"Cartes des sites touristiques"}]}]}},"_links":{"self":[{"href":"https:\/\/www.bestofrome.fr\/de\/wp-json\/wp\/v2\/pages\/1083"}],"collection":[{"href":"https:\/\/www.bestofrome.fr\/de\/wp-json\/wp\/v2\/pages"}],"about":[{"href":"https:\/\/www.bestofrome.fr\/de\/wp-json\/wp\/v2\/types\/page"}],"author":[{"embeddable":true,"href":"https:\/\/www.bestofrome.fr\/de\/wp-json\/wp\/v2\/users\/1"}],"replies":[{"embeddable":true,"href":"https:\/\/www.bestofrome.fr\/de\/wp-json\/wp\/v2\/comments?post=1083"}],"version-history":[{"count":6,"href":"https:\/\/www.bestofrome.fr\/de\/wp-json\/wp\/v2\/pages\/1083\/revisions"}],"predecessor-version":[{"id":31643,"href":"https:\/\/www.bestofrome.fr\/de\/wp-json\/wp\/v2\/pages\/1083\/revisions\/31643"}],"wp:featuredmedia":[{"embeddable":true,"href":"https:\/\/www.bestofrome.fr\/de\/wp-json\/wp\/v2\/media\/5468"}],"wp:attachment":[{"href":"https:\/\/www.bestofrome.fr\/de\/wp-json\/wp\/v2\/media?parent=1083"}],"wp:term":[{"taxonomy":"category","embeddable":true,"href":"https:\/\/www.bestofrome.fr\/de\/wp-json\/wp\/v2\/categories?post=1083"}],"curies":[{"name":"wp","href":"https:\/\/api.w.org\/{rel}","templated":true}]}}