{"id":13714,"date":"2014-02-12T15:43:07","date_gmt":"2014-02-12T14:43:07","guid":{"rendered":"http:\/\/www.bestofrome.fr\/de\/nous-contacter\/"},"modified":"2025-07-21T09:38:53","modified_gmt":"2025-07-21T08:38:53","slug":"uns-bitte","status":"publish","type":"page","link":"https:\/\/www.bestofrome.fr\/de\/uns-bitte\/","title":{"rendered":"Uns bitte"},"content":{"rendered":"<p>Eine Bemerkung, Frage oder Vorschlag zur Verbesserung unserer Website, z\u00f6gern Sie nicht!<\/p>\n<div class=\"wpforms-container wpforms-container-full\" id=\"wpforms-15272\"><form id=\"wpforms-form-15272\" class=\"wpforms-validate wpforms-form\" data-formid=\"15272\" method=\"post\" enctype=\"multipart\/form-data\" action=\"\/de\/wp-json\/wp\/v2\/pages\/13714\" data-token=\"b211b448b68ea2a8b0b335faa6d554c2\"><noscript class=\"wpforms-error-noscript\">Bitte aktiviere JavaScript in deinem Browser, um dieses Formular fertigzustellen.<\/noscript><div class=\"wpforms-field-container\"><div id=\"wpforms-15272-field_0-container\" class=\"wpforms-field wpforms-field-name\" data-field-id=\"0\"><label class=\"wpforms-field-label\" for=\"wpforms-15272-field_0\">Nom <span class=\"wpforms-required-label\">*<\/span><\/label><input type=\"text\" id=\"wpforms-15272-field_0\" class=\"wpforms-field-medium wpforms-field-required\" name=\"wpforms[fields][0]\" required><\/div><div id=\"wpforms-15272-field_1-container\" class=\"wpforms-field wpforms-field-email\" data-field-id=\"1\"><label class=\"wpforms-field-label\" for=\"wpforms-15272-field_1\">E-mail <span class=\"wpforms-required-label\">*<\/span><\/label><input type=\"email\" id=\"wpforms-15272-field_1\" class=\"wpforms-field-medium wpforms-field-required\" name=\"wpforms[fields][1]\" required><\/div><div id=\"wpforms-15272-field_3-container\" class=\"wpforms-field wpforms-field-text\" data-field-id=\"3\"><label class=\"wpforms-field-label\" for=\"wpforms-15272-field_3\">Sujet<\/label><input type=\"text\" id=\"wpforms-15272-field_3\" class=\"wpforms-field-medium\" name=\"wpforms[fields][3]\" ><\/div><div id=\"wpforms-15272-field_2-container\" class=\"wpforms-field wpforms-field-textarea\" data-field-id=\"2\"><label class=\"wpforms-field-label\" for=\"wpforms-15272-field_2\">Commentaire ou message <span class=\"wpforms-required-label\">*<\/span><\/label><textarea id=\"wpforms-15272-field_2\" class=\"wpforms-field-medium wpforms-field-required\" name=\"wpforms[fields][2]\" required><\/textarea><\/div><div id=\"wpforms-15272-field_4-container\" class=\"wpforms-field wpforms-field-checkbox\" data-field-id=\"4\"><label class=\"wpforms-field-label\" for=\"wpforms-15272-field_4\">Cases \u00e0 cocher <span class=\"wpforms-required-label\">*<\/span><\/label><ul id=\"wpforms-15272-field_4\" class=\"wpforms-field-required\"><li class=\"choice-1 depth-1\"><input type=\"checkbox\" id=\"wpforms-15272-field_4_1\" name=\"wpforms[fields][4][]\" value=\"Acceptez les conditions de notre politique de confidentialit\u00e9 et de gestion des donn\u00e9es (lien ci-dessous)\" required ><label class=\"wpforms-field-label-inline\" for=\"wpforms-15272-field_4_1\">Acceptez les conditions de notre politique de confidentialit\u00e9 et de gestion des donn\u00e9es (lien ci-dessous)<\/label><\/li><\/ul><\/div><\/div><div class=\"wpforms-field wpforms-field-hp\"><label for=\"wpforms-15272-field-hp\" class=\"wpforms-field-label\">Message<\/label><input type=\"text\" name=\"wpforms[hp]\" id=\"wpforms-15272-field-hp\" class=\"wpforms-field-medium\"><\/div><div class=\"wpforms-submit-container\" ><input type=\"hidden\" name=\"wpforms[id]\" value=\"15272\"><input type=\"hidden\" name=\"wpforms[author]\" value=\"1\"><button type=\"submit\" name=\"wpforms[submit]\" class=\"wpforms-submit \" id=\"wpforms-submit-15272\" value=\"wpforms-submit\" aria-live=\"assertive\" data-alt-text=\"Envoi...\" data-submit-text=\"Envoyer\">Envoyer<\/button><\/div><\/form><\/div>  <!-- .wpforms-container -->\n\u2192 <a href=\"https:\/\/www.bestofrome.fr\/de\/cookies-und-datenschutzbestimmungen\/\" target=\"_blank\" rel=\"noopener\">Finden Sie in unserer Datenschutzrichtlinie<\/a><\/p>\n","protected":false},"excerpt":{"rendered":"<p>Eine Bemerkung, Frage oder Vorschlag zur Verbesserung unserer Website, z\u00f6gern Sie nicht!<\/p>\n<p> Bitte aktiviere JavaScript in deinem Browser, um dieses Formular fertigzustellen.Nom *E-mail *SujetCommentaire ou message *Cases \u00e0 cocher *Acceptez les conditions de notre politique de confidentialit\u00e9 et de gestion des donn\u00e9es (lien ci-dessous)NameEnvoyer \u2192 Finden Sie in unserer Datenschutzrichtlinie<\/p>\n","protected":false},"author":1,"featured_media":0,"parent":0,"menu_order":0,"comment_status":"open","ping_status":"open","template":"","meta":{"_links_to":"","_links_to_target":""},"categories":[525,199],"yoast_head":"<!-- This site is optimized with the Yoast SEO plugin v17.4 - https:\/\/yoast.com\/wordpress\/plugins\/seo\/ -->\n<title>Uns bitte - Besuchen Sie Rom<\/title>\n<meta name=\"robots\" content=\"index, follow, max-snippet:-1, max-image-preview:large, max-video-preview:-1\" \/>\n<link rel=\"canonical\" href=\"https:\/\/www.bestofrome.fr\/de\/uns-bitte\/\" \/>\n<meta property=\"og:locale\" content=\"de_DE\" \/>\n<meta property=\"og:type\" content=\"article\" \/>\n<meta property=\"og:title\" content=\"Uns bitte - Besuchen Sie Rom\" \/>\n<meta property=\"og:description\" content=\"Eine Bemerkung, Frage oder Vorschlag zur Verbesserung unserer Website, z\u00f6gern Sie nicht! Bitte aktiviere JavaScript in deinem Browser, um dieses Formular fertigzustellen.Nom *E-mail *SujetCommentaire ou message *Cases \u00e0 cocher *Acceptez les conditions de notre politique de confidentialit\u00e9 et de gestion des donn\u00e9es (lien ci-dessous)CommentEnvoyer \u2192 Finden Sie in unserer Datenschutzrichtlinie\" \/>\n<meta property=\"og:url\" content=\"https:\/\/www.bestofrome.fr\/de\/uns-bitte\/\" \/>\n<meta property=\"og:site_name\" content=\"Besuchen Sie Rom\" \/>\n<meta property=\"article:modified_time\" content=\"2025-07-21T08:38:53+00:00\" \/>\n<meta name=\"twitter:label1\" content=\"Gesch\u00e4tzte Lesezeit\" \/>\n\t<meta name=\"twitter:data1\" content=\"1\u00a0Minute\" \/>\n<script type=\"application\/ld+json\" class=\"yoast-schema-graph\">{\"@context\":\"https:\/\/schema.org\",\"@graph\":[{\"@type\":\"Organization\",\"@id\":\"https:\/\/www.bestofrome.fr\/de\/#organization\",\"name\":\"Bestofrome.fr\",\"url\":\"https:\/\/www.bestofrome.fr\/de\/\",\"sameAs\":[],\"logo\":{\"@type\":\"ImageObject\",\"@id\":\"https:\/\/www.bestofrome.fr\/de\/#logo\",\"inLanguage\":\"de\",\"url\":\"https:\/\/www.bestofrome.fr\/wp-content\/uploads\/2025\/11\/logo512bestofrome.png\",\"contentUrl\":\"https:\/\/www.bestofrome.fr\/wp-content\/uploads\/2025\/11\/logo512bestofrome.png\",\"width\":512,\"height\":512,\"caption\":\"Bestofrome.fr\"},\"image\":{\"@id\":\"https:\/\/www.bestofrome.fr\/de\/#logo\"}},{\"@type\":\"WebSite\",\"@id\":\"https:\/\/www.bestofrome.fr\/de\/#website\",\"url\":\"https:\/\/www.bestofrome.fr\/de\/\",\"name\":\"Besuchen Sie Rom\",\"description\":\"Alles, um nach Rom zu reisen\",\"publisher\":{\"@id\":\"https:\/\/www.bestofrome.fr\/de\/#organization\"},\"potentialAction\":[{\"@type\":\"SearchAction\",\"target\":{\"@type\":\"EntryPoint\",\"urlTemplate\":\"https:\/\/www.bestofrome.fr\/de\/?s={search_term_string}\"},\"query-input\":\"required name=search_term_string\"}],\"inLanguage\":\"de\"},{\"@type\":\"WebPage\",\"@id\":\"https:\/\/www.bestofrome.fr\/de\/uns-bitte\/#webpage\",\"url\":\"https:\/\/www.bestofrome.fr\/de\/uns-bitte\/\",\"name\":\"Uns bitte - Besuchen Sie Rom\",\"isPartOf\":{\"@id\":\"https:\/\/www.bestofrome.fr\/de\/#website\"},\"datePublished\":\"2014-02-12T14:43:07+00:00\",\"dateModified\":\"2025-07-21T08:38:53+00:00\",\"breadcrumb\":{\"@id\":\"https:\/\/www.bestofrome.fr\/de\/uns-bitte\/#breadcrumb\"},\"inLanguage\":\"de\",\"potentialAction\":[{\"@type\":\"ReadAction\",\"target\":[\"https:\/\/www.bestofrome.fr\/de\/uns-bitte\/\"]}]},{\"@type\":\"BreadcrumbList\",\"@id\":\"https:\/\/www.bestofrome.fr\/de\/uns-bitte\/#breadcrumb\",\"itemListElement\":[{\"@type\":\"ListItem\",\"position\":1,\"name\":\"Accueil\",\"item\":\"https:\/\/www.bestofrome.fr\/de\/bienvenue-2\/\"},{\"@type\":\"ListItem\",\"position\":2,\"name\":\"Uns bitte\"}]}]}<\/script>\n<!-- \/ Yoast SEO plugin. -->","yoast_head_json":{"title":"Uns bitte - Besuchen Sie Rom","robots":{"index":"index","follow":"follow","max-snippet":"max-snippet:-1","max-image-preview":"max-image-preview:large","max-video-preview":"max-video-preview:-1"},"canonical":"https:\/\/www.bestofrome.fr\/de\/uns-bitte\/","og_locale":"de_DE","og_type":"article","og_title":"Uns bitte - Besuchen Sie Rom","og_description":"Eine Bemerkung, Frage oder Vorschlag zur Verbesserung unserer Website, z\u00f6gern Sie nicht! Bitte aktiviere JavaScript in deinem Browser, um dieses Formular fertigzustellen.Nom *E-mail *SujetCommentaire ou message *Cases \u00e0 cocher *Acceptez les conditions de notre politique de confidentialit\u00e9 et de gestion des donn\u00e9es (lien ci-dessous)EmailEnvoyer \u2192 Finden Sie in unserer Datenschutzrichtlinie","og_url":"https:\/\/www.bestofrome.fr\/de\/uns-bitte\/","og_site_name":"Besuchen Sie Rom","article_modified_time":"2025-07-21T08:38:53+00:00","twitter_misc":{"Gesch\u00e4tzte Lesezeit":"1\u00a0Minute"},"schema":{"@context":"https:\/\/schema.org","@graph":[{"@type":"Organization","@id":"https:\/\/www.bestofrome.fr\/de\/#organization","name":"Bestofrome.fr","url":"https:\/\/www.bestofrome.fr\/de\/","sameAs":[],"logo":{"@type":"ImageObject","@id":"https:\/\/www.bestofrome.fr\/de\/#logo","inLanguage":"de","url":"https:\/\/www.bestofrome.fr\/wp-content\/uploads\/2025\/11\/logo512bestofrome.png","contentUrl":"https:\/\/www.bestofrome.fr\/wp-content\/uploads\/2025\/11\/logo512bestofrome.png","width":512,"height":512,"caption":"Bestofrome.fr"},"image":{"@id":"https:\/\/www.bestofrome.fr\/de\/#logo"}},{"@type":"WebSite","@id":"https:\/\/www.bestofrome.fr\/de\/#website","url":"https:\/\/www.bestofrome.fr\/de\/","name":"Besuchen Sie Rom","description":"Alles, um nach Rom zu reisen","publisher":{"@id":"https:\/\/www.bestofrome.fr\/de\/#organization"},"potentialAction":[{"@type":"SearchAction","target":{"@type":"EntryPoint","urlTemplate":"https:\/\/www.bestofrome.fr\/de\/?s={search_term_string}"},"query-input":"required name=search_term_string"}],"inLanguage":"de"},{"@type":"WebPage","@id":"https:\/\/www.bestofrome.fr\/de\/uns-bitte\/#webpage","url":"https:\/\/www.bestofrome.fr\/de\/uns-bitte\/","name":"Uns bitte - Besuchen Sie Rom","isPartOf":{"@id":"https:\/\/www.bestofrome.fr\/de\/#website"},"datePublished":"2014-02-12T14:43:07+00:00","dateModified":"2025-07-21T08:38:53+00:00","breadcrumb":{"@id":"https:\/\/www.bestofrome.fr\/de\/uns-bitte\/#breadcrumb"},"inLanguage":"de","potentialAction":[{"@type":"ReadAction","target":["https:\/\/www.bestofrome.fr\/de\/uns-bitte\/"]}]},{"@type":"BreadcrumbList","@id":"https:\/\/www.bestofrome.fr\/de\/uns-bitte\/#breadcrumb","itemListElement":[{"@type":"ListItem","position":1,"name":"Accueil","item":"https:\/\/www.bestofrome.fr\/de\/bienvenue-2\/"},{"@type":"ListItem","position":2,"name":"Uns bitte"}]}]}},"_links":{"self":[{"href":"https:\/\/www.bestofrome.fr\/de\/wp-json\/wp\/v2\/pages\/13714"}],"collection":[{"href":"https:\/\/www.bestofrome.fr\/de\/wp-json\/wp\/v2\/pages"}],"about":[{"href":"https:\/\/www.bestofrome.fr\/de\/wp-json\/wp\/v2\/types\/page"}],"author":[{"embeddable":true,"href":"https:\/\/www.bestofrome.fr\/de\/wp-json\/wp\/v2\/users\/1"}],"replies":[{"embeddable":true,"href":"https:\/\/www.bestofrome.fr\/de\/wp-json\/wp\/v2\/comments?post=13714"}],"version-history":[{"count":3,"href":"https:\/\/www.bestofrome.fr\/de\/wp-json\/wp\/v2\/pages\/13714\/revisions"}],"predecessor-version":[{"id":34258,"href":"https:\/\/www.bestofrome.fr\/de\/wp-json\/wp\/v2\/pages\/13714\/revisions\/34258"}],"wp:attachment":[{"href":"https:\/\/www.bestofrome.fr\/de\/wp-json\/wp\/v2\/media?parent=13714"}],"wp:term":[{"taxonomy":"category","embeddable":true,"href":"https:\/\/www.bestofrome.fr\/de\/wp-json\/wp\/v2\/categories?post=13714"}],"curies":[{"name":"wp","href":"https:\/\/api.w.org\/{rel}","templated":true}]}}