{"id":34232,"date":"2015-08-31T16:34:23","date_gmt":"2015-08-31T15:34:23","guid":{"rendered":"https:\/\/www.bestofrome.fr\/cookies-et-regles-de-confidentialite\/"},"modified":"2025-07-21T09:08:09","modified_gmt":"2025-07-21T08:08:09","slug":"cookies-und-datenschutzbestimmungen","status":"publish","type":"page","link":"https:\/\/www.bestofrome.fr\/de\/cookies-und-datenschutzbestimmungen\/","title":{"rendered":"Cookies und Datenschutzbestimmungen"},"content":{"rendered":"<p><button type=\"button\" data-cc=\"c-settings\">Klicken Sie hier, um Ihre Cookie-Einstellungen zu \u00e4ndern<\/button><br \/>\nImpressum, Datenschutzbestimmungen<\/p>\n<h2>Hosting<\/h2>\n<p>Bestofrome.fr wird gehostet von der Firma OVH mit Hauptsitz: 2 rue Kellermann &#8211; 59100 Roubaix &#8211; Frankreich<\/p>\n<h2>Personenbezogene Daten<\/h2>\n<p>Diese Website respektiert die Privatsph\u00e4re der Nutzer und h\u00e4lt sich an die geltenden Gesetze zum Schutz der Privatsph\u00e4re und der individuellen Freiheiten.<\/p>\n<p>www.bestofrome.fr erhebt potenziell personenbezogene Daten in folgenden F\u00e4llen:<\/p>\n<ul>\n<li>Absenden des Kontaktformulars<\/li>\n<li>Absenden eines Kommentars<\/li>\n<li>Durch bestimmte Cookies w\u00e4hrend der Navigation (siehe weiter unten den entsprechenden Abschnitt)<\/li>\n<\/ul>\n<p>\u2666 Wenn der Nutzer einen Kommentar verfasst: die vom Nutzer angegebenen Daten (Name und E-Mail-Adresse) sowie die IP-Adresse werden gespeichert. Diese Daten dienen ausschlie\u00dflich der Korrespondenz mit dem Nutzer und werden niemals weitergegeben. Die IP-Adresse hilft, unerw\u00fcnschte Kommentare zu erkennen.<br \/>\nZur Erleichterung sp\u00e4terer Kommentare kann ein Cookie diese Daten speichern, damit der Nutzer sie nicht erneut eingeben muss.<\/p>\n<p>\u2666 Wenn der Nutzer eine Nachricht \u00fcber das Kontaktformular sendet, speichert die Website die angegebenen pers\u00f6nlichen Informationen (Name, E-Mail-Adresse). Diese Daten dienen ausschlie\u00dflich der Korrespondenz mit dem Betreiber der Website.<\/p>\n<p>Personenbezogene Daten werden niemals weitergegeben und dienen nur den zuvor genannten Zwecken.<\/p>\n<h3>Zugang zu Daten, Aufbewahrungsdauer<\/h3>\n<p>Der Nutzer kann eine Datei anfordern, die alle personenbezogenen Daten enth\u00e4lt, die von www.bestofrome.fr gespeichert werden, \u00fcber das Kontaktformular.<br \/>\nEr kann die L\u00f6schung dieser Daten verlangen.<\/p>\n<p>Die Daten werden in jedem Fall <strong>nicht l\u00e4nger als drei Jahre<\/strong> aufbewahrt.<\/p>\n<h3>Daten\u00adschutz, Sicherheit<\/h3>\n<p>Nur Informationen, die der Nutzer \u00fcber einen Kommentar oder das Kontaktformular sendet, k\u00f6nnen auf dem Server gespeichert werden, auf dem www.bestofrome.fr gehostet wird.<br \/>\nDieser Server ist gesichert, mit Firewall zum Schutz vor Hacking-Versuchen, AntiVirus und AntiMalware zum Schutz vor Viren, Trojanern und anderer Schadsoftware.<\/p>\n<p>www.bestofrome.fr verf\u00fcgt auch \u00fcber ein SSL-Zertifikat (erm\u00f6glicht gesichertes Surfen via HTTPS), um die Sicherheit der \u00fcbermittelten Informationen zu erh\u00f6hen, und verwendet alle angemessenen Mittel, um seine Datenbanken zu sichern.<\/p>\n<h2>Cookies<\/h2>\n<p><button type=\"button\" data-cc=\"c-settings\">Klicken Sie hier, um Ihre Cookie-Einstellungen zu \u00e4ndern<\/button><\/p>\n<h3>Was ist ein Cookie<\/h3>\n<p>Cookies sind Daten, die im Browser des Nutzers bei einem Besuch der Website gespeichert werden. Diese Cookies sind mit der Domain der besuchten Website verkn\u00fcpft und k\u00f6nnen bei einem sp\u00e4teren Besuch von der Website erneut ausgelesen werden. Dies erm\u00f6glicht eine \u201edauerhafte\u201c Interaktion zwischen dem Client (Nutzer) und dem Server (Website), bis das Cookie gel\u00f6scht wird oder abl\u00e4uft.<br \/>\nIm Allgemeinen sind die gespeicherten Informationen Anmeldedaten, Zustimmungen und andere Pr\u00e4ferenzen, die dazu dienen, die Benutzererfahrung oder beispielsweise die Werbezielung zu verbessern und zu personalisieren.<\/p>\n<h3><span id=\"Type_des_cookies_concernes\">Art der betreffenden Cookies<\/span><\/h3>\n<p>www.bestofrome.fr verwendet einerseits Cookies, um die grundlegenden Navigationsfunktionen der Website sicherzustellen (bereitgestellt von WordPress, dem Tool zur Artikelverwaltung und Webentwicklung, sowie seinen Erweiterungen wie der Kommentarfunktion), und andererseits Google-Tools (Analytics und Adsense), die Cookies verwenden, um Navigationsinformationen zu sammeln.<br \/>\nDar\u00fcber hinaus k\u00f6nnen Funktionen von Drittanbietern aus sozialen Netzwerken auf www.bestofrome.fr (Facebook usw.) Cookies verwenden.<\/p>\n<h3><span id=\"Google_Analytics\">Google Analytics<\/span><\/h3>\n<p>Im Fall von Analytics, konfiguriert auf www.bestofrome.fr im anonymisierten Modus, \u00fcbertr\u00e4gt das Cookie keine personenbezogenen Daten.<\/p>\n<h3><span id=\"Google_Adsense\">Google Adsense<\/span><\/h3>\n<p>Diese Website zeigt Google Adsense-Werbung an, was Folgendes bedeutet:<\/p>\n<ul>\n<li>Standardm\u00e4\u00dfig werden Adsense-Anzeigen auf www.bestofrome.fr im \u201enicht personalisierten\u201c Modus angezeigt. Dadurch sammeln die Cookies keine Nutzungsdaten und dienen nur dem einwandfreien Funktionieren des Moduls.<\/li>\n<li>Wenn alle Cookies akzeptiert werden, k\u00f6nnen Anzeigen personalisiert ausgespielt werden, was Folgendes umfasst:\n<ul>\n<li>Google Adsense verwendet dann Cookies, um Anzeigen basierend auf fr\u00fcheren Besuchen der Nutzer auf der Website anzuzeigen und sammelt dabei Nutzungsdaten zur zielgerichteten Werbung.<\/li>\n<li>Dank des DoubleClick-Cookies passen Google und Partner die Anzeigen an das Surfverhalten der Besucher auf dieser und anderen Websites an.<br \/>\nWenn ein Nutzer eine Anzeige auf der Website eines Partners sieht oder darauf klickt, kann ein Cookie in seinem Browser gespeichert werden.<\/li>\n<li>Nutzer k\u00f6nnen personalisierte Anzeigen \u00fcber <a title=\" \" href=\"https:\/\/myadcenter.google.com\/u\/0\/personalizationoff?sasb=true&amp;ref=ad-settings\" target=\"_blank\" rel=\"noreferrer noopener\">https:\/\/myadcenter.google.com\/u\/0\/personalizationoff<\/a> ablehnen.<\/li>\n<\/ul>\n<\/li>\n<\/ul>\n<p>Weitere <a href=\"http:\/\/www.google.com\/intl\/de\/policies\/privacy\/partners\/\" target=\"_blank\" rel=\"noreferrer noopener\" data-title=\" \">Informationen zu den von Google verwendeten Cookies<\/a><\/p>\n<h3><span id=\"Reseaux_sociaux\">Soziale Netzwerke<\/span><\/h3>\n<p>Auf rome-roma.net werden Werkzeuge von sozialen Netzwerken angeboten (Facebook und andere). Diese Dienste sind nur aktiviert, wenn der Nutzer alle Cookies akzeptiert.<br \/>\nWenn der Nutzer im Browser bei einem sozialen Netzwerk angemeldet ist, sind Interaktionen mit dem Konto des Nutzers m\u00f6glich (Artikel teilen, \u201eGef\u00e4llt mir\u201c-Buttons usw.). Diese Dienste k\u00f6nnen, je nach Funktionsweise, Cookies verwenden und personenbezogene Daten sammeln. Rome-roma.net aktiviert diese Dienste nur, wenn Sie alle Cookies akzeptieren.<br \/>\nWenn der Nutzer keine Cookies von sozialen Netzwerken w\u00e4hrend des Surfens auf rome-roma.net akzeptieren m\u00f6chte, kann er sich von diesen Diensten abmelden.<\/p>\n<h3><span id=\"Desactivation_des_cookies\">Deaktivierung von Cookies<\/span><\/h3>\n<p>Cookies k\u00f6nnen deaktiviert werden, zum Beispiel \u00fcber die Einstellungen Ihres Browsers, \u00fcber die <a title=\" \" href=\"https:\/\/myadcenter.google.com\/personalizationoff?hl=de&amp;sasb=true&amp;ref=ad-settings\" target=\"_blank\" rel=\"noreferrer noopener\">Google Werbel\u00f6sungen Einstellungen<\/a> oder mithilfe der Website <a title=\" \" href=\"https:\/\/youradchoices.com\/\" target=\"_blank\" rel=\"noreferrer noopener\">youradchoices.com<\/a><\/p>\n<p>Je nach Browser sind dies die Verfahren zur Verwaltung der Cookie-Einstellungen:<\/p>\n<ul>\n<li><a title=\" \" href=\"https:\/\/support.mozilla.org\/de\/kb\/cookies-erlauben-und-ablehnen\" target=\"_blank\" rel=\"noreferrer noopener\">Firefox<\/a> \/ <a href=\"https:\/\/support.google.com\/accounts\/answer\/61416?hl=de\" target=\"_blank\" rel=\"noreferrer noopener\" data-title=\" \">Chrome<\/a> \/ <a title=\" \" href=\"https:\/\/support.microsoft.com\/de-de\/topic\/cookies-in-microsoft-edge-anzeigen-erlauben-und-blockieren-168dab11-0753-043d-7c16-ede5947fc64d\" target=\"_blank\" rel=\"noreferrer noopener\">Internet Explorer<\/a> \/ <a href=\"https:\/\/help.opera.com\/en\/latest\/web-preferences\/#cookies\" target=\"_blank\" rel=\"noreferrer noopener\" data-title=\" \">Opera<\/a> \/ <a title=\" \" href=\"https:\/\/support.apple.com\/de-de\/guide\/safari\/sfri11471\/mac\" target=\"_blank\" rel=\"noreferrer noopener\">Safari<\/a><\/li>\n<\/ul>\n<p>Um Ihre Cookie-Einstellungen zu \u00e4ndern: <button type=\"button\" data-cc=\"c-settings\">Klicken Sie hier, um Ihre Cookie-Einstellungen zu \u00e4ndern<\/button><\/p>\n<h2>Kontakt<\/h2>\n<div class=\"wpforms-container wpforms-container-full\" id=\"wpforms-15272\"><form id=\"wpforms-form-15272\" class=\"wpforms-validate wpforms-form\" data-formid=\"15272\" method=\"post\" enctype=\"multipart\/form-data\" action=\"\/de\/wp-json\/wp\/v2\/pages\/34232\" data-token=\"714f698b6fe61cbceacb854c5b2fb601\"><noscript class=\"wpforms-error-noscript\">Bitte aktiviere JavaScript in deinem Browser, um dieses Formular fertigzustellen.<\/noscript><div class=\"wpforms-field-container\"><div id=\"wpforms-15272-field_0-container\" class=\"wpforms-field wpforms-field-name\" data-field-id=\"0\"><label class=\"wpforms-field-label\" for=\"wpforms-15272-field_0\">Nom <span class=\"wpforms-required-label\">*<\/span><\/label><input type=\"text\" id=\"wpforms-15272-field_0\" class=\"wpforms-field-medium wpforms-field-required\" name=\"wpforms[fields][0]\" required><\/div><div id=\"wpforms-15272-field_1-container\" class=\"wpforms-field wpforms-field-email\" data-field-id=\"1\"><label class=\"wpforms-field-label\" for=\"wpforms-15272-field_1\">E-mail <span class=\"wpforms-required-label\">*<\/span><\/label><input type=\"email\" id=\"wpforms-15272-field_1\" class=\"wpforms-field-medium wpforms-field-required\" name=\"wpforms[fields][1]\" required><\/div><div id=\"wpforms-15272-field_3-container\" class=\"wpforms-field wpforms-field-text\" data-field-id=\"3\"><label class=\"wpforms-field-label\" for=\"wpforms-15272-field_3\">Sujet<\/label><input type=\"text\" id=\"wpforms-15272-field_3\" class=\"wpforms-field-medium\" name=\"wpforms[fields][3]\" ><\/div><div id=\"wpforms-15272-field_2-container\" class=\"wpforms-field wpforms-field-textarea\" data-field-id=\"2\"><label class=\"wpforms-field-label\" for=\"wpforms-15272-field_2\">Commentaire ou message <span class=\"wpforms-required-label\">*<\/span><\/label><textarea id=\"wpforms-15272-field_2\" class=\"wpforms-field-medium wpforms-field-required\" name=\"wpforms[fields][2]\" required><\/textarea><\/div><div id=\"wpforms-15272-field_4-container\" class=\"wpforms-field wpforms-field-checkbox\" data-field-id=\"4\"><label class=\"wpforms-field-label\" for=\"wpforms-15272-field_4\">Cases \u00e0 cocher <span class=\"wpforms-required-label\">*<\/span><\/label><ul id=\"wpforms-15272-field_4\" class=\"wpforms-field-required\"><li class=\"choice-1 depth-1\"><input type=\"checkbox\" id=\"wpforms-15272-field_4_1\" name=\"wpforms[fields][4][]\" value=\"Acceptez les conditions de notre politique de confidentialit\u00e9 et de gestion des donn\u00e9es (lien ci-dessous)\" required ><label class=\"wpforms-field-label-inline\" for=\"wpforms-15272-field_4_1\">Acceptez les conditions de notre politique de confidentialit\u00e9 et de gestion des donn\u00e9es (lien ci-dessous)<\/label><\/li><\/ul><\/div><\/div><div class=\"wpforms-field wpforms-field-hp\"><label for=\"wpforms-15272-field-hp\" class=\"wpforms-field-label\">Website<\/label><input type=\"text\" name=\"wpforms[hp]\" id=\"wpforms-15272-field-hp\" class=\"wpforms-field-medium\"><\/div><div class=\"wpforms-submit-container\" ><input type=\"hidden\" name=\"wpforms[id]\" value=\"15272\"><input type=\"hidden\" name=\"wpforms[author]\" value=\"1\"><button type=\"submit\" name=\"wpforms[submit]\" class=\"wpforms-submit \" id=\"wpforms-submit-15272\" value=\"wpforms-submit\" aria-live=\"assertive\" data-alt-text=\"Envoi...\" data-submit-text=\"Envoyer\">Envoyer<\/button><\/div><\/form><\/div>  <!-- .wpforms-container -->\n<a href=\"https:\/\/www.bestofrome.fr\/de\/cookies-und-datenschutzbestimmungen\/\">Lesen Sie unsere Datenschutzerkl\u00e4rung<\/a><\/p>\n","protected":false},"excerpt":{"rendered":"<p>Klicken Sie hier, um Ihre Cookie-Einstellungen zu \u00e4ndern Impressum, Datenschutzbestimmungen<\/p>\n<p> Hosting <\/p>\n<p>Bestofrome.fr wird gehostet von der Firma OVH mit Hauptsitz: 2 rue Kellermann &#8211; 59100 Roubaix &#8211; Frankreich<\/p>\n<p> Personenbezogene Daten <\/p>\n<p>Diese Website respektiert die Privatsph\u00e4re der Nutzer und h\u00e4lt sich an die geltenden Gesetze zum Schutz der Privatsph\u00e4re und der individuellen Freiheiten.<\/p>\n<p>www.bestofrome.fr erhebt potenziell [&#8230;]<\/p>\n","protected":false},"author":1,"featured_media":0,"parent":0,"menu_order":0,"comment_status":"open","ping_status":"open","template":"","meta":{"_links_to":"","_links_to_target":""},"categories":[1160],"yoast_head":"<!-- This site is optimized with the Yoast SEO plugin v17.4 - https:\/\/yoast.com\/wordpress\/plugins\/seo\/ -->\n<title>Cookies und Datenschutzbestimmungen - Besuchen Sie Rom<\/title>\n<meta name=\"robots\" content=\"index, follow, max-snippet:-1, max-image-preview:large, max-video-preview:-1\" \/>\n<link rel=\"canonical\" href=\"https:\/\/www.bestofrome.fr\/de\/cookies-und-datenschutzbestimmungen\/\" \/>\n<meta property=\"og:locale\" content=\"de_DE\" \/>\n<meta property=\"og:type\" content=\"article\" \/>\n<meta property=\"og:title\" content=\"Cookies und Datenschutzbestimmungen - Besuchen Sie Rom\" \/>\n<meta property=\"og:description\" content=\"Klicken Sie hier, um Ihre Cookie-Einstellungen zu \u00e4ndern Impressum, Datenschutzbestimmungen Hosting Bestofrome.fr wird gehostet von der Firma OVH mit Hauptsitz: 2 rue Kellermann &#8211; 59100 Roubaix &#8211; Frankreich Personenbezogene Daten Diese Website respektiert die Privatsph\u00e4re der Nutzer und h\u00e4lt sich an die geltenden Gesetze zum Schutz der Privatsph\u00e4re und der individuellen Freiheiten. www.bestofrome.fr erhebt potenziell [...]\" \/>\n<meta property=\"og:url\" content=\"https:\/\/www.bestofrome.fr\/de\/cookies-und-datenschutzbestimmungen\/\" \/>\n<meta property=\"og:site_name\" content=\"Besuchen Sie Rom\" \/>\n<meta property=\"article:modified_time\" content=\"2025-07-21T08:08:09+00:00\" \/>\n<meta name=\"twitter:label1\" content=\"Gesch\u00e4tzte Lesezeit\" \/>\n\t<meta name=\"twitter:data1\" content=\"4\u00a0Minuten\" \/>\n<script type=\"application\/ld+json\" class=\"yoast-schema-graph\">{\"@context\":\"https:\/\/schema.org\",\"@graph\":[{\"@type\":\"Organization\",\"@id\":\"https:\/\/www.bestofrome.fr\/de\/#organization\",\"name\":\"Bestofrome.fr\",\"url\":\"https:\/\/www.bestofrome.fr\/de\/\",\"sameAs\":[],\"logo\":{\"@type\":\"ImageObject\",\"@id\":\"https:\/\/www.bestofrome.fr\/de\/#logo\",\"inLanguage\":\"de\",\"url\":\"https:\/\/www.bestofrome.fr\/wp-content\/uploads\/2025\/11\/logo512bestofrome.png\",\"contentUrl\":\"https:\/\/www.bestofrome.fr\/wp-content\/uploads\/2025\/11\/logo512bestofrome.png\",\"width\":512,\"height\":512,\"caption\":\"Bestofrome.fr\"},\"image\":{\"@id\":\"https:\/\/www.bestofrome.fr\/de\/#logo\"}},{\"@type\":\"WebSite\",\"@id\":\"https:\/\/www.bestofrome.fr\/de\/#website\",\"url\":\"https:\/\/www.bestofrome.fr\/de\/\",\"name\":\"Besuchen Sie Rom\",\"description\":\"Alles, um nach Rom zu reisen\",\"publisher\":{\"@id\":\"https:\/\/www.bestofrome.fr\/de\/#organization\"},\"potentialAction\":[{\"@type\":\"SearchAction\",\"target\":{\"@type\":\"EntryPoint\",\"urlTemplate\":\"https:\/\/www.bestofrome.fr\/de\/?s={search_term_string}\"},\"query-input\":\"required name=search_term_string\"}],\"inLanguage\":\"de\"},{\"@type\":\"WebPage\",\"@id\":\"https:\/\/www.bestofrome.fr\/de\/cookies-und-datenschutzbestimmungen\/#webpage\",\"url\":\"https:\/\/www.bestofrome.fr\/de\/cookies-und-datenschutzbestimmungen\/\",\"name\":\"Cookies und Datenschutzbestimmungen - Besuchen Sie Rom\",\"isPartOf\":{\"@id\":\"https:\/\/www.bestofrome.fr\/de\/#website\"},\"datePublished\":\"2015-08-31T15:34:23+00:00\",\"dateModified\":\"2025-07-21T08:08:09+00:00\",\"breadcrumb\":{\"@id\":\"https:\/\/www.bestofrome.fr\/de\/cookies-und-datenschutzbestimmungen\/#breadcrumb\"},\"inLanguage\":\"de\",\"potentialAction\":[{\"@type\":\"ReadAction\",\"target\":[\"https:\/\/www.bestofrome.fr\/de\/cookies-und-datenschutzbestimmungen\/\"]}]},{\"@type\":\"BreadcrumbList\",\"@id\":\"https:\/\/www.bestofrome.fr\/de\/cookies-und-datenschutzbestimmungen\/#breadcrumb\",\"itemListElement\":[{\"@type\":\"ListItem\",\"position\":1,\"name\":\"Accueil\",\"item\":\"https:\/\/www.bestofrome.fr\/de\/bienvenue-2\/\"},{\"@type\":\"ListItem\",\"position\":2,\"name\":\"Cookies und Datenschutzbestimmungen\"}]}]}<\/script>\n<!-- \/ Yoast SEO plugin. -->","yoast_head_json":{"title":"Cookies und Datenschutzbestimmungen - Besuchen Sie Rom","robots":{"index":"index","follow":"follow","max-snippet":"max-snippet:-1","max-image-preview":"max-image-preview:large","max-video-preview":"max-video-preview:-1"},"canonical":"https:\/\/www.bestofrome.fr\/de\/cookies-und-datenschutzbestimmungen\/","og_locale":"de_DE","og_type":"article","og_title":"Cookies und Datenschutzbestimmungen - Besuchen Sie Rom","og_description":"Klicken Sie hier, um Ihre Cookie-Einstellungen zu \u00e4ndern Impressum, Datenschutzbestimmungen Hosting Bestofrome.fr wird gehostet von der Firma OVH mit Hauptsitz: 2 rue Kellermann &#8211; 59100 Roubaix &#8211; Frankreich Personenbezogene Daten Diese Website respektiert die Privatsph\u00e4re der Nutzer und h\u00e4lt sich an die geltenden Gesetze zum Schutz der Privatsph\u00e4re und der individuellen Freiheiten. www.bestofrome.fr erhebt potenziell [...]","og_url":"https:\/\/www.bestofrome.fr\/de\/cookies-und-datenschutzbestimmungen\/","og_site_name":"Besuchen Sie Rom","article_modified_time":"2025-07-21T08:08:09+00:00","twitter_misc":{"Gesch\u00e4tzte Lesezeit":"4\u00a0Minuten"},"schema":{"@context":"https:\/\/schema.org","@graph":[{"@type":"Organization","@id":"https:\/\/www.bestofrome.fr\/de\/#organization","name":"Bestofrome.fr","url":"https:\/\/www.bestofrome.fr\/de\/","sameAs":[],"logo":{"@type":"ImageObject","@id":"https:\/\/www.bestofrome.fr\/de\/#logo","inLanguage":"de","url":"https:\/\/www.bestofrome.fr\/wp-content\/uploads\/2025\/11\/logo512bestofrome.png","contentUrl":"https:\/\/www.bestofrome.fr\/wp-content\/uploads\/2025\/11\/logo512bestofrome.png","width":512,"height":512,"caption":"Bestofrome.fr"},"image":{"@id":"https:\/\/www.bestofrome.fr\/de\/#logo"}},{"@type":"WebSite","@id":"https:\/\/www.bestofrome.fr\/de\/#website","url":"https:\/\/www.bestofrome.fr\/de\/","name":"Besuchen Sie Rom","description":"Alles, um nach Rom zu reisen","publisher":{"@id":"https:\/\/www.bestofrome.fr\/de\/#organization"},"potentialAction":[{"@type":"SearchAction","target":{"@type":"EntryPoint","urlTemplate":"https:\/\/www.bestofrome.fr\/de\/?s={search_term_string}"},"query-input":"required name=search_term_string"}],"inLanguage":"de"},{"@type":"WebPage","@id":"https:\/\/www.bestofrome.fr\/de\/cookies-und-datenschutzbestimmungen\/#webpage","url":"https:\/\/www.bestofrome.fr\/de\/cookies-und-datenschutzbestimmungen\/","name":"Cookies und Datenschutzbestimmungen - Besuchen Sie Rom","isPartOf":{"@id":"https:\/\/www.bestofrome.fr\/de\/#website"},"datePublished":"2015-08-31T15:34:23+00:00","dateModified":"2025-07-21T08:08:09+00:00","breadcrumb":{"@id":"https:\/\/www.bestofrome.fr\/de\/cookies-und-datenschutzbestimmungen\/#breadcrumb"},"inLanguage":"de","potentialAction":[{"@type":"ReadAction","target":["https:\/\/www.bestofrome.fr\/de\/cookies-und-datenschutzbestimmungen\/"]}]},{"@type":"BreadcrumbList","@id":"https:\/\/www.bestofrome.fr\/de\/cookies-und-datenschutzbestimmungen\/#breadcrumb","itemListElement":[{"@type":"ListItem","position":1,"name":"Accueil","item":"https:\/\/www.bestofrome.fr\/de\/bienvenue-2\/"},{"@type":"ListItem","position":2,"name":"Cookies und Datenschutzbestimmungen"}]}]}},"_links":{"self":[{"href":"https:\/\/www.bestofrome.fr\/de\/wp-json\/wp\/v2\/pages\/34232"}],"collection":[{"href":"https:\/\/www.bestofrome.fr\/de\/wp-json\/wp\/v2\/pages"}],"about":[{"href":"https:\/\/www.bestofrome.fr\/de\/wp-json\/wp\/v2\/types\/page"}],"author":[{"embeddable":true,"href":"https:\/\/www.bestofrome.fr\/de\/wp-json\/wp\/v2\/users\/1"}],"replies":[{"embeddable":true,"href":"https:\/\/www.bestofrome.fr\/de\/wp-json\/wp\/v2\/comments?post=34232"}],"version-history":[{"count":2,"href":"https:\/\/www.bestofrome.fr\/de\/wp-json\/wp\/v2\/pages\/34232\/revisions"}],"predecessor-version":[{"id":34235,"href":"https:\/\/www.bestofrome.fr\/de\/wp-json\/wp\/v2\/pages\/34232\/revisions\/34235"}],"wp:attachment":[{"href":"https:\/\/www.bestofrome.fr\/de\/wp-json\/wp\/v2\/media?parent=34232"}],"wp:term":[{"taxonomy":"category","embeddable":true,"href":"https:\/\/www.bestofrome.fr\/de\/wp-json\/wp\/v2\/categories?post=34232"}],"curies":[{"name":"wp","href":"https:\/\/api.w.org\/{rel}","templated":true}]}}