{"id":34237,"date":"2015-08-31T16:34:23","date_gmt":"2015-08-31T15:34:23","guid":{"rendered":"https:\/\/www.bestofrome.fr\/cookies-et-regles-de-confidentialite\/"},"modified":"2025-07-21T09:11:02","modified_gmt":"2025-07-21T08:11:02","slug":"cookies-y-politica-de-privacidad","status":"publish","type":"page","link":"https:\/\/www.bestofrome.fr\/es\/cookies-y-politica-de-privacidad\/","title":{"rendered":"Cookies y pol\u00edtica de privacidad"},"content":{"rendered":"<p><button type=\"button\" data-cc=\"c-settings\">Haga clic para cambiar sus preferencias de cookies<\/button><br \/>\nAviso legal, pol\u00edtica de privacidad<\/p>\n<h2>Alojamiento<\/h2>\n<p>Bestofrome.fr est\u00e1 alojado por la empresa OVH, cuyo domicilio social se encuentra en: 2 rue Kellermann &#8211; 59100 Roubaix &#8211; Francia<\/p>\n<h2>Datos personales<\/h2>\n<p>Este sitio respeta la privacidad del usuario y cumple con las leyes vigentes sobre protecci\u00f3n de la privacidad y libertades individuales.<\/p>\n<p>www.bestofrome.fr puede recopilar datos personales en los siguientes casos:<\/p>\n<ul>\n<li>Env\u00edo del formulario de contacto<\/li>\n<li>Env\u00edo de un comentario<\/li>\n<li>A trav\u00e9s de ciertas cookies durante la navegaci\u00f3n (ver m\u00e1s adelante la secci\u00f3n dedicada)<\/li>\n<\/ul>\n<p>\u2666 Cuando el usuario redacta un comentario: los datos facilitados por el usuario (nombre y direcci\u00f3n de correo electr\u00f3nico), as\u00ed como la direcci\u00f3n IP, se registran. Estos datos s\u00f3lo se usan para la correspondencia iniciada por el usuario y nunca se divulgan. La direcci\u00f3n IP ayuda a detectar comentarios no deseados.<br \/>\nPara facilitar comentarios posteriores, una cookie puede guardar estos datos para que el usuario no tenga que introducirlos de nuevo.<\/p>\n<p>\u2666 Cuando el usuario env\u00eda un mensaje mediante el formulario de contacto, el sitio guarda la informaci\u00f3n personal proporcionada (nombre, direcci\u00f3n de correo electr\u00f3nico). Estos datos s\u00f3lo se utilizan para la correspondencia con el editor del sitio.<\/p>\n<p>Los datos personales nunca se divulgan y s\u00f3lo se usan para los fines indicados anteriormente.<\/p>\n<h3>Acceso a los datos, duraci\u00f3n<\/h3>\n<p>El usuario puede solicitar recibir un archivo que contenga todos los datos personales registrados por www.bestofrome.fr, a trav\u00e9s del formulario de contacto.<br \/>\nPuede solicitar la eliminaci\u00f3n de estos datos.<\/p>\n<p>En ning\u00fan caso los datos se conservan <strong>m\u00e1s de tres a\u00f1os<\/strong>.<\/p>\n<h3>Protecci\u00f3n de los datos, seguridad<\/h3>\n<p>S\u00f3lo la informaci\u00f3n enviada por el usuario mediante un comentario o el formulario de contacto puede almacenarse en el servidor que aloja www.bestofrome.fr.<br \/>\nEste servidor est\u00e1 protegido, con firewall para contrarrestar intentos de pirater\u00eda, antivirus y antimalware para combatir amenazas como virus, troyanos y otros programas maliciosos.<\/p>\n<p>www.bestofrome.fr tambi\u00e9n posee un certificado SSL (que permite navegaci\u00f3n segura en HTTPS) para aumentar la seguridad de la informaci\u00f3n transmitida, y emplea todos los medios razonables para asegurar sus bases de datos.<\/p>\n<h2>Cookies<\/h2>\n<p><button type=\"button\" data-cc=\"c-settings\">Haga clic para cambiar sus preferencias de cookies<\/button><\/p>\n<h3>Qu\u00e9 es una cookie<\/h3>\n<p>Las cookies son datos almacenados en el navegador del usuario por el sitio consultado durante la visita. Estas cookies est\u00e1n asociadas al dominio del sitio web visitado, y pueden ser consultadas posteriormente (en otra visita) por el sitio. Esto permite una interacci\u00f3n \u00abduradera\u00bb entre el cliente (usuario) y el servidor (sitio), hasta que la cookie se elimina o llega a su fecha de expiraci\u00f3n.<br \/>\nEn general, la informaci\u00f3n almacenada son datos de conexi\u00f3n, consentimiento y otras preferencias destinadas a mejorar y personalizar la experiencia del usuario o la segmentaci\u00f3n publicitaria, por ejemplo.<\/p>\n<h3><span id=\"Type_des_cookies_concernes\">Tipo de cookies implicadas<\/span><\/h3>\n<p>www.bestofrome.fr utiliza por una parte cookies para asegurar funciones esenciales de navegaci\u00f3n en el sitio (aseguradas por WordPress, la herramienta de gesti\u00f3n de art\u00edculos y desarrollo web, y sus extensiones como el uso de comentarios), y por otra parte herramientas de Google (Analytics y Adsense) que, para funcionar, emplean cookies para recopilar informaci\u00f3n de navegaci\u00f3n.<br \/>\nAdem\u00e1s, funcionalidades de servicios externos provenientes de redes sociales y ofrecidas en www.bestofrome.fr (Facebook, etc.) pueden usar cookies.<\/p>\n<h3><span id=\"Google_Analytics\">Google Analytics<\/span><\/h3>\n<p>En el caso de Analytics, configurado en www.bestofrome.fr en modo an\u00f3nimo, la cookie no transmite informaci\u00f3n personal identificable.<\/p>\n<h3><span id=\"Google_Adsense\">Google Adsense<\/span><\/h3>\n<p>Este sitio difunde anuncios de Google Adsense, lo que implica lo siguiente:<\/p>\n<ul>\n<li>Por defecto, los anuncios de Adsense se muestran en www.bestofrome.fr en modo \u00abno personalizado\u00bb. As\u00ed, las cookies no recopilan datos de navegaci\u00f3n del usuario y s\u00f3lo sirven para el correcto funcionamiento del m\u00f3dulo.<\/li>\n<li>Si se aceptan todas las cookies, los anuncios pueden mostrarse en modo personalizado, lo que implica lo siguiente:\n<ul>\n<li>Google Adsense utiliza cookies para mostrar anuncios basados en visitas anteriores del usuario al sitio web y puede recopilar datos de navegaci\u00f3n para dirigir la publicidad seg\u00fan los intereses.<\/li>\n<li>Gracias a la cookie DoubleClick, Google y sus socios adaptan los anuncios mostrados a los visitantes seg\u00fan su navegaci\u00f3n en este y otros sitios web.<br \/>\nCuando un usuario ve un anuncio en el sitio de un socio o hace clic en \u00e9l, una cookie puede instalarse en su navegador.<\/li>\n<li>Los usuarios pueden decidir rechazar anuncios personalizados en <a title=\" \" href=\"https:\/\/myadcenter.google.com\/u\/0\/personalizationoff?sasb=true&amp;ref=ad-settings\" target=\"_blank\" rel=\"noreferrer noopener\">https:\/\/myadcenter.google.com\/u\/0\/personalizationoff<\/a><\/li>\n<\/ul>\n<\/li>\n<\/ul>\n<p>M\u00e1s <a href=\"http:\/\/www.google.com\/intl\/de\/policies\/privacy\/partners\/\" target=\"_blank\" rel=\"noreferrer noopener\" data-title=\" \">informaci\u00f3n sobre las cookies utilizadas por Google<\/a><\/p>\n<h3><span id=\"Reseaux_sociaux\">Redes sociales<\/span><\/h3>\n<p>Se ofrecen herramientas asociadas a redes sociales en rome-roma.net (Facebook y otras). Estos servicios s\u00f3lo se activan si el usuario acepta todas las cookies.<br \/>\nSi el usuario est\u00e1 conectado a la red social a trav\u00e9s de su navegador, se permiten interacciones con la cuenta de la red social del usuario (compartir art\u00edculos, botones de tipo \u00abme gusta\u00bb, etc.). Estos servicios pueden, seg\u00fan su funcionamiento, usar cookies y recopilar informaci\u00f3n personal. Rome-roma.net activa estos servicios s\u00f3lo si se acepta todas las cookies.<br \/>\nEn cualquier caso, si el usuario no desea estar sujeto a cookies de redes sociales durante su navegaci\u00f3n, puede desconectarse de estos servicios mientras navega en rome-roma.net.<\/p>\n<h3><span id=\"Desactivation_des_cookies\">Desactivaci\u00f3n de cookies<\/span><\/h3>\n<p>Las cookies pueden desactivarse, especialmente mediante la configuraci\u00f3n del navegador, o a trav\u00e9s de los <a title=\" \" href=\"https:\/\/myadcenter.google.com\/personalizationoff?hl=es&amp;sasb=true&amp;ref=ad-settings\" target=\"_blank\" rel=\"noreferrer noopener\">Ajustes de Google Soluciones publicitarias<\/a>, o tambi\u00e9n usando el sitio <a title=\" \" href=\"https:\/\/youradchoices.com\/\" target=\"_blank\" rel=\"noreferrer noopener\">youradchoices.com<\/a><\/p>\n<p>Seg\u00fan el navegador, estas son las instrucciones para configurar la gesti\u00f3n de cookies:<\/p>\n<ul>\n<li><a title=\" \" href=\"https:\/\/support.mozilla.org\/es\/kb\/impedir-que-los-sitios-web-registren-preferencias\" target=\"_blank\" rel=\"noreferrer noopener\">Firefox<\/a> \/ <a href=\"https:\/\/support.google.com\/accounts\/answer\/61416?hl=de\" target=\"_blank\" rel=\"noreferrer noopener\" data-title=\" \">Chrome<\/a> \/ <a title=\" \" href=\"https:\/\/support.microsoft.com\/de-de\/windows\/cookies-in-microsoft-edge-anzeigen-erlauben-blockieren-und-entfernen-168dab11-0753-043d-7c16-ede5947fc64d\" target=\"_blank\" rel=\"noreferrer noopener\">Internet Explorer<\/a> \/ <a href=\"https:\/\/help.opera.com\/en\/latest\/web-preferences\/#cookies\" target=\"_blank\" rel=\"noreferrer noopener\" data-title=\" \">Opera<\/a> \/ <a title=\" \" href=\"https:\/\/support.apple.com\/es-es\/guide\/safari\/sfri11471\/mac\" target=\"_blank\" rel=\"noreferrer noopener\">Safari<\/a><\/li>\n<\/ul>\n<p>Para modificar sus preferencias de aceptaci\u00f3n de cookies: <button type=\"button\" data-cc=\"c-settings\">Haga clic para cambiar sus preferencias de cookies<\/button><\/p>\n<h2>Contacto<\/h2>\n<div class=\"wpforms-container wpforms-container-full\" id=\"wpforms-15272\"><form id=\"wpforms-form-15272\" class=\"wpforms-validate wpforms-form\" data-formid=\"15272\" method=\"post\" enctype=\"multipart\/form-data\" action=\"\/es\/wp-json\/wp\/v2\/pages\/34237\" data-token=\"b211b448b68ea2a8b0b335faa6d554c2\"><noscript class=\"wpforms-error-noscript\">Por favor, activa JavaScript en tu navegador para completar este formulario.<\/noscript><div class=\"wpforms-field-container\"><div id=\"wpforms-15272-field_0-container\" class=\"wpforms-field wpforms-field-name\" data-field-id=\"0\"><label class=\"wpforms-field-label\" for=\"wpforms-15272-field_0\">Nom <span class=\"wpforms-required-label\">*<\/span><\/label><input type=\"text\" id=\"wpforms-15272-field_0\" class=\"wpforms-field-medium wpforms-field-required\" name=\"wpforms[fields][0]\" required><\/div><div id=\"wpforms-15272-field_1-container\" class=\"wpforms-field wpforms-field-email\" data-field-id=\"1\"><label class=\"wpforms-field-label\" for=\"wpforms-15272-field_1\">E-mail <span class=\"wpforms-required-label\">*<\/span><\/label><input type=\"email\" id=\"wpforms-15272-field_1\" class=\"wpforms-field-medium wpforms-field-required\" name=\"wpforms[fields][1]\" required><\/div><div id=\"wpforms-15272-field_3-container\" class=\"wpforms-field wpforms-field-text\" data-field-id=\"3\"><label class=\"wpforms-field-label\" for=\"wpforms-15272-field_3\">Sujet<\/label><input type=\"text\" id=\"wpforms-15272-field_3\" class=\"wpforms-field-medium\" name=\"wpforms[fields][3]\" ><\/div><div id=\"wpforms-15272-field_2-container\" class=\"wpforms-field wpforms-field-textarea\" data-field-id=\"2\"><label class=\"wpforms-field-label\" for=\"wpforms-15272-field_2\">Commentaire ou message <span class=\"wpforms-required-label\">*<\/span><\/label><textarea id=\"wpforms-15272-field_2\" class=\"wpforms-field-medium wpforms-field-required\" name=\"wpforms[fields][2]\" required><\/textarea><\/div><div id=\"wpforms-15272-field_4-container\" class=\"wpforms-field wpforms-field-checkbox\" data-field-id=\"4\"><label class=\"wpforms-field-label\" for=\"wpforms-15272-field_4\">Cases \u00e0 cocher <span class=\"wpforms-required-label\">*<\/span><\/label><ul id=\"wpforms-15272-field_4\" class=\"wpforms-field-required\"><li class=\"choice-1 depth-1\"><input type=\"checkbox\" id=\"wpforms-15272-field_4_1\" name=\"wpforms[fields][4][]\" value=\"Acceptez les conditions de notre politique de confidentialit\u00e9 et de gestion des donn\u00e9es (lien ci-dessous)\" required ><label class=\"wpforms-field-label-inline\" for=\"wpforms-15272-field_4_1\">Acceptez les conditions de notre politique de confidentialit\u00e9 et de gestion des donn\u00e9es (lien ci-dessous)<\/label><\/li><\/ul><\/div><\/div><div class=\"wpforms-field wpforms-field-hp\"><label for=\"wpforms-15272-field-hp\" class=\"wpforms-field-label\">Comment<\/label><input type=\"text\" name=\"wpforms[hp]\" id=\"wpforms-15272-field-hp\" class=\"wpforms-field-medium\"><\/div><div class=\"wpforms-submit-container\" ><input type=\"hidden\" name=\"wpforms[id]\" value=\"15272\"><input type=\"hidden\" name=\"wpforms[author]\" value=\"1\"><button type=\"submit\" name=\"wpforms[submit]\" class=\"wpforms-submit \" id=\"wpforms-submit-15272\" value=\"wpforms-submit\" aria-live=\"assertive\" data-alt-text=\"Envoi...\" data-submit-text=\"Envoyer\">Envoyer<\/button><\/div><\/form><\/div>  <!-- .wpforms-container -->\n<a href=\"https:\/\/www.bestofrome.fr\/es\/cookies-y-politica-de-privacidad\/\">Consulte nuestra pol\u00edtica de privacidad<\/a><\/p>\n","protected":false},"excerpt":{"rendered":"<p>Haga clic para cambiar sus preferencias de cookies Aviso legal, pol\u00edtica de privacidad<\/p>\n<p> Alojamiento <\/p>\n<p>Bestofrome.fr est\u00e1 alojado por la empresa OVH, cuyo domicilio social se encuentra en: 2 rue Kellermann &#8211; 59100 Roubaix &#8211; Francia<\/p>\n<p> Datos personales <\/p>\n<p>Este sitio respeta la privacidad del usuario y cumple con las leyes vigentes sobre protecci\u00f3n de la privacidad [&#8230;]<\/p>\n","protected":false},"author":1,"featured_media":0,"parent":0,"menu_order":0,"comment_status":"open","ping_status":"open","template":"","meta":{"_links_to":"","_links_to_target":""},"categories":[1161],"yoast_head":"<!-- This site is optimized with the Yoast SEO plugin v17.4 - https:\/\/yoast.com\/wordpress\/plugins\/seo\/ -->\n<title>Cookies y pol\u00edtica de privacidad - Visita de Roma<\/title>\n<meta name=\"robots\" content=\"index, follow, max-snippet:-1, max-image-preview:large, max-video-preview:-1\" \/>\n<link rel=\"canonical\" href=\"https:\/\/www.bestofrome.fr\/es\/cookies-y-politica-de-privacidad\/\" \/>\n<meta property=\"og:locale\" content=\"es_ES\" \/>\n<meta property=\"og:type\" content=\"article\" \/>\n<meta property=\"og:title\" content=\"Cookies y pol\u00edtica de privacidad - Visita de Roma\" \/>\n<meta property=\"og:description\" content=\"Haga clic para cambiar sus preferencias de cookies Aviso legal, pol\u00edtica de privacidad Alojamiento Bestofrome.fr est\u00e1 alojado por la empresa OVH, cuyo domicilio social se encuentra en: 2 rue Kellermann &#8211; 59100 Roubaix &#8211; Francia Datos personales Este sitio respeta la privacidad del usuario y cumple con las leyes vigentes sobre protecci\u00f3n de la privacidad [...]\" \/>\n<meta property=\"og:url\" content=\"https:\/\/www.bestofrome.fr\/es\/cookies-y-politica-de-privacidad\/\" \/>\n<meta property=\"og:site_name\" content=\"Visita de Roma\" \/>\n<meta property=\"article:modified_time\" content=\"2025-07-21T08:11:02+00:00\" \/>\n<meta name=\"twitter:label1\" content=\"Tiempo de lectura\" \/>\n\t<meta name=\"twitter:data1\" content=\"4 minutos\" \/>\n<script type=\"application\/ld+json\" class=\"yoast-schema-graph\">{\"@context\":\"https:\/\/schema.org\",\"@graph\":[{\"@type\":\"Organization\",\"@id\":\"https:\/\/www.bestofrome.fr\/es\/#organization\",\"name\":\"Bestofrome.fr\",\"url\":\"https:\/\/www.bestofrome.fr\/es\/\",\"sameAs\":[],\"logo\":{\"@type\":\"ImageObject\",\"@id\":\"https:\/\/www.bestofrome.fr\/es\/#logo\",\"inLanguage\":\"es\",\"url\":\"https:\/\/www.bestofrome.fr\/wp-content\/uploads\/2025\/11\/logo512bestofrome.png\",\"contentUrl\":\"https:\/\/www.bestofrome.fr\/wp-content\/uploads\/2025\/11\/logo512bestofrome.png\",\"width\":512,\"height\":512,\"caption\":\"Bestofrome.fr\"},\"image\":{\"@id\":\"https:\/\/www.bestofrome.fr\/es\/#logo\"}},{\"@type\":\"WebSite\",\"@id\":\"https:\/\/www.bestofrome.fr\/es\/#website\",\"url\":\"https:\/\/www.bestofrome.fr\/es\/\",\"name\":\"Visita de Roma\",\"description\":\"Todo para viajar a Roma\",\"publisher\":{\"@id\":\"https:\/\/www.bestofrome.fr\/es\/#organization\"},\"potentialAction\":[{\"@type\":\"SearchAction\",\"target\":{\"@type\":\"EntryPoint\",\"urlTemplate\":\"https:\/\/www.bestofrome.fr\/es\/?s={search_term_string}\"},\"query-input\":\"required name=search_term_string\"}],\"inLanguage\":\"es\"},{\"@type\":\"WebPage\",\"@id\":\"https:\/\/www.bestofrome.fr\/es\/cookies-y-politica-de-privacidad\/#webpage\",\"url\":\"https:\/\/www.bestofrome.fr\/es\/cookies-y-politica-de-privacidad\/\",\"name\":\"Cookies y pol\\u00edtica de privacidad - Visita de Roma\",\"isPartOf\":{\"@id\":\"https:\/\/www.bestofrome.fr\/es\/#website\"},\"datePublished\":\"2015-08-31T15:34:23+00:00\",\"dateModified\":\"2025-07-21T08:11:02+00:00\",\"breadcrumb\":{\"@id\":\"https:\/\/www.bestofrome.fr\/es\/cookies-y-politica-de-privacidad\/#breadcrumb\"},\"inLanguage\":\"es\",\"potentialAction\":[{\"@type\":\"ReadAction\",\"target\":[\"https:\/\/www.bestofrome.fr\/es\/cookies-y-politica-de-privacidad\/\"]}]},{\"@type\":\"BreadcrumbList\",\"@id\":\"https:\/\/www.bestofrome.fr\/es\/cookies-y-politica-de-privacidad\/#breadcrumb\",\"itemListElement\":[{\"@type\":\"ListItem\",\"position\":1,\"name\":\"Accueil\",\"item\":\"https:\/\/www.bestofrome.fr\/es\/\"},{\"@type\":\"ListItem\",\"position\":2,\"name\":\"Cookies y pol\\u00edtica de privacidad\"}]}]}<\/script>\n<!-- \/ Yoast SEO plugin. -->","yoast_head_json":{"title":"Cookies y pol\u00edtica de privacidad - Visita de Roma","robots":{"index":"index","follow":"follow","max-snippet":"max-snippet:-1","max-image-preview":"max-image-preview:large","max-video-preview":"max-video-preview:-1"},"canonical":"https:\/\/www.bestofrome.fr\/es\/cookies-y-politica-de-privacidad\/","og_locale":"es_ES","og_type":"article","og_title":"Cookies y pol\u00edtica de privacidad - Visita de Roma","og_description":"Haga clic para cambiar sus preferencias de cookies Aviso legal, pol\u00edtica de privacidad Alojamiento Bestofrome.fr est\u00e1 alojado por la empresa OVH, cuyo domicilio social se encuentra en: 2 rue Kellermann &#8211; 59100 Roubaix &#8211; Francia Datos personales Este sitio respeta la privacidad del usuario y cumple con las leyes vigentes sobre protecci\u00f3n de la privacidad [...]","og_url":"https:\/\/www.bestofrome.fr\/es\/cookies-y-politica-de-privacidad\/","og_site_name":"Visita de Roma","article_modified_time":"2025-07-21T08:11:02+00:00","twitter_misc":{"Tiempo de lectura":"4 minutos"},"schema":{"@context":"https:\/\/schema.org","@graph":[{"@type":"Organization","@id":"https:\/\/www.bestofrome.fr\/es\/#organization","name":"Bestofrome.fr","url":"https:\/\/www.bestofrome.fr\/es\/","sameAs":[],"logo":{"@type":"ImageObject","@id":"https:\/\/www.bestofrome.fr\/es\/#logo","inLanguage":"es","url":"https:\/\/www.bestofrome.fr\/wp-content\/uploads\/2025\/11\/logo512bestofrome.png","contentUrl":"https:\/\/www.bestofrome.fr\/wp-content\/uploads\/2025\/11\/logo512bestofrome.png","width":512,"height":512,"caption":"Bestofrome.fr"},"image":{"@id":"https:\/\/www.bestofrome.fr\/es\/#logo"}},{"@type":"WebSite","@id":"https:\/\/www.bestofrome.fr\/es\/#website","url":"https:\/\/www.bestofrome.fr\/es\/","name":"Visita de Roma","description":"Todo para viajar a Roma","publisher":{"@id":"https:\/\/www.bestofrome.fr\/es\/#organization"},"potentialAction":[{"@type":"SearchAction","target":{"@type":"EntryPoint","urlTemplate":"https:\/\/www.bestofrome.fr\/es\/?s={search_term_string}"},"query-input":"required name=search_term_string"}],"inLanguage":"es"},{"@type":"WebPage","@id":"https:\/\/www.bestofrome.fr\/es\/cookies-y-politica-de-privacidad\/#webpage","url":"https:\/\/www.bestofrome.fr\/es\/cookies-y-politica-de-privacidad\/","name":"Cookies y pol\u00edtica de privacidad - Visita de Roma","isPartOf":{"@id":"https:\/\/www.bestofrome.fr\/es\/#website"},"datePublished":"2015-08-31T15:34:23+00:00","dateModified":"2025-07-21T08:11:02+00:00","breadcrumb":{"@id":"https:\/\/www.bestofrome.fr\/es\/cookies-y-politica-de-privacidad\/#breadcrumb"},"inLanguage":"es","potentialAction":[{"@type":"ReadAction","target":["https:\/\/www.bestofrome.fr\/es\/cookies-y-politica-de-privacidad\/"]}]},{"@type":"BreadcrumbList","@id":"https:\/\/www.bestofrome.fr\/es\/cookies-y-politica-de-privacidad\/#breadcrumb","itemListElement":[{"@type":"ListItem","position":1,"name":"Accueil","item":"https:\/\/www.bestofrome.fr\/es\/"},{"@type":"ListItem","position":2,"name":"Cookies y pol\u00edtica de privacidad"}]}]}},"_links":{"self":[{"href":"https:\/\/www.bestofrome.fr\/es\/wp-json\/wp\/v2\/pages\/34237"}],"collection":[{"href":"https:\/\/www.bestofrome.fr\/es\/wp-json\/wp\/v2\/pages"}],"about":[{"href":"https:\/\/www.bestofrome.fr\/es\/wp-json\/wp\/v2\/types\/page"}],"author":[{"embeddable":true,"href":"https:\/\/www.bestofrome.fr\/es\/wp-json\/wp\/v2\/users\/1"}],"replies":[{"embeddable":true,"href":"https:\/\/www.bestofrome.fr\/es\/wp-json\/wp\/v2\/comments?post=34237"}],"version-history":[{"count":2,"href":"https:\/\/www.bestofrome.fr\/es\/wp-json\/wp\/v2\/pages\/34237\/revisions"}],"predecessor-version":[{"id":34240,"href":"https:\/\/www.bestofrome.fr\/es\/wp-json\/wp\/v2\/pages\/34237\/revisions\/34240"}],"wp:attachment":[{"href":"https:\/\/www.bestofrome.fr\/es\/wp-json\/wp\/v2\/media?parent=34237"}],"wp:term":[{"taxonomy":"category","embeddable":true,"href":"https:\/\/www.bestofrome.fr\/es\/wp-json\/wp\/v2\/categories?post=34237"}],"curies":[{"name":"wp","href":"https:\/\/api.w.org\/{rel}","templated":true}]}}