{"id":34261,"date":"2014-02-12T15:43:07","date_gmt":"2014-02-12T14:43:07","guid":{"rendered":"https:\/\/www.bestofrome.fr\/nous-contacter\/"},"modified":"2025-07-21T09:43:13","modified_gmt":"2025-07-21T08:43:13","slug":"contactarnos","status":"publish","type":"page","link":"https:\/\/www.bestofrome.fr\/es\/contactarnos\/","title":{"rendered":"Contactarnos"},"content":{"rendered":"<p>Una observaci\u00f3n, pregunta o sugerencia para mejorar nuestro sitio, \u00a1no lo dudes!<\/p>\n<div class=\"wpforms-container wpforms-container-full\" id=\"wpforms-34259\"><form id=\"wpforms-form-34259\" class=\"wpforms-validate wpforms-form\" data-formid=\"34259\" method=\"post\" enctype=\"multipart\/form-data\" action=\"\/es\/wp-json\/wp\/v2\/pages\/34261\" data-token=\"b211b448b68ea2a8b0b335faa6d554c2\"><noscript class=\"wpforms-error-noscript\">Por favor, activa JavaScript en tu navegador para completar este formulario.<\/noscript><div class=\"wpforms-field-container\"><div id=\"wpforms-34259-field_0-container\" class=\"wpforms-field wpforms-field-name\" data-field-id=\"0\"><label class=\"wpforms-field-label\" for=\"wpforms-34259-field_0\">Nombre <span class=\"wpforms-required-label\">*<\/span><\/label><input type=\"text\" id=\"wpforms-34259-field_0\" class=\"wpforms-field-medium wpforms-field-required\" name=\"wpforms[fields][0]\" required><\/div><div id=\"wpforms-34259-field_1-container\" class=\"wpforms-field wpforms-field-email\" data-field-id=\"1\"><label class=\"wpforms-field-label\" for=\"wpforms-34259-field_1\">E-mail <span class=\"wpforms-required-label\">*<\/span><\/label><input type=\"email\" id=\"wpforms-34259-field_1\" class=\"wpforms-field-medium wpforms-field-required\" name=\"wpforms[fields][1]\" required><\/div><div id=\"wpforms-34259-field_3-container\" class=\"wpforms-field wpforms-field-text\" data-field-id=\"3\"><label class=\"wpforms-field-label\" for=\"wpforms-34259-field_3\">Tema<\/label><input type=\"text\" id=\"wpforms-34259-field_3\" class=\"wpforms-field-medium\" name=\"wpforms[fields][3]\" ><\/div><div id=\"wpforms-34259-field_2-container\" class=\"wpforms-field wpforms-field-textarea\" data-field-id=\"2\"><label class=\"wpforms-field-label\" for=\"wpforms-34259-field_2\">Comentario o mensaje <span class=\"wpforms-required-label\">*<\/span><\/label><textarea id=\"wpforms-34259-field_2\" class=\"wpforms-field-medium wpforms-field-required\" name=\"wpforms[fields][2]\" required><\/textarea><\/div><div id=\"wpforms-34259-field_4-container\" class=\"wpforms-field wpforms-field-checkbox\" data-field-id=\"4\"><label class=\"wpforms-field-label\" for=\"wpforms-34259-field_4\">Casillas de verificaci\u00f3n <span class=\"wpforms-required-label\">*<\/span><\/label><ul id=\"wpforms-34259-field_4\" class=\"wpforms-field-required\"><li class=\"choice-1 depth-1\"><input type=\"checkbox\" id=\"wpforms-34259-field_4_1\" name=\"wpforms[fields][4][]\" value=\"Acepta los t\u00e9rminos de nuestra pol\u00edtica de privacidad y gesti\u00f3n de datos (enlace a continuaci\u00f3n)\" required ><label class=\"wpforms-field-label-inline\" for=\"wpforms-34259-field_4_1\">Acepta los t\u00e9rminos de nuestra pol\u00edtica de privacidad y gesti\u00f3n de datos (enlace a continuaci\u00f3n)<\/label><\/li><\/ul><\/div><\/div><div class=\"wpforms-field wpforms-field-hp\"><label for=\"wpforms-34259-field-hp\" class=\"wpforms-field-label\">Name<\/label><input type=\"text\" name=\"wpforms[hp]\" id=\"wpforms-34259-field-hp\" class=\"wpforms-field-medium\"><\/div><div class=\"wpforms-submit-container\" ><input type=\"hidden\" name=\"wpforms[id]\" value=\"34259\"><input type=\"hidden\" name=\"wpforms[author]\" value=\"1\"><button type=\"submit\" name=\"wpforms[submit]\" class=\"wpforms-submit \" id=\"wpforms-submit-34259\" value=\"wpforms-submit\" aria-live=\"assertive\" data-alt-text=\"Enviando...\" data-submit-text=\"Enviar\">Enviar<\/button><\/div><\/form><\/div>  <!-- .wpforms-container -->\n\u2192 <a href=\"https:\/\/www.bestofrome.fr\/es\/cookies-y-politica-de-privacidad\/\">Consulte nuestra pol\u00edtica de privacidad<\/a><\/p>\n","protected":false},"excerpt":{"rendered":"<p>Una observaci\u00f3n, pregunta o sugerencia para mejorar nuestro sitio, \u00a1no lo dudes!<\/p>\n<p> Por favor, activa JavaScript en tu navegador para completar este formulario.Nombre *E-mail *TemaComentario o mensaje *Casillas de verificaci\u00f3n *Acepta los t\u00e9rminos de nuestra pol\u00edtica de privacidad y gesti\u00f3n de datos (enlace a continuaci\u00f3n)NameEnviar \u2192 Consulte nuestra pol\u00edtica de privacidad<\/p>\n","protected":false},"author":1,"featured_media":0,"parent":0,"menu_order":0,"comment_status":"open","ping_status":"open","template":"","meta":{"_links_to":"","_links_to_target":""},"categories":[563,529],"yoast_head":"<!-- This site is optimized with the Yoast SEO plugin v17.4 - https:\/\/yoast.com\/wordpress\/plugins\/seo\/ -->\n<title>Contactarnos - Visita de Roma<\/title>\n<meta name=\"robots\" content=\"index, follow, max-snippet:-1, max-image-preview:large, max-video-preview:-1\" \/>\n<link rel=\"canonical\" href=\"https:\/\/www.bestofrome.fr\/es\/contactarnos\/\" \/>\n<meta property=\"og:locale\" content=\"es_ES\" \/>\n<meta property=\"og:type\" content=\"article\" \/>\n<meta property=\"og:title\" content=\"Contactarnos - Visita de Roma\" \/>\n<meta property=\"og:description\" content=\"Una observaci\u00f3n, pregunta o sugerencia para mejorar nuestro sitio, \u00a1no lo dudes! Por favor, activa JavaScript en tu navegador para completar este formulario.Nombre *E-mail *TemaComentario o mensaje *Casillas de verificaci\u00f3n *Acepta los t\u00e9rminos de nuestra pol\u00edtica de privacidad y gesti\u00f3n de datos (enlace a continuaci\u00f3n)NameEnviar \u2192 Consulte nuestra pol\u00edtica de privacidad\" \/>\n<meta property=\"og:url\" content=\"https:\/\/www.bestofrome.fr\/es\/contactarnos\/\" \/>\n<meta property=\"og:site_name\" content=\"Visita de Roma\" \/>\n<meta property=\"article:modified_time\" content=\"2025-07-21T08:43:13+00:00\" \/>\n<meta name=\"twitter:label1\" content=\"Tiempo de lectura\" \/>\n\t<meta name=\"twitter:data1\" content=\"1 minuto\" \/>\n<script type=\"application\/ld+json\" class=\"yoast-schema-graph\">{\"@context\":\"https:\/\/schema.org\",\"@graph\":[{\"@type\":\"Organization\",\"@id\":\"https:\/\/www.bestofrome.fr\/es\/#organization\",\"name\":\"Bestofrome.fr\",\"url\":\"https:\/\/www.bestofrome.fr\/es\/\",\"sameAs\":[],\"logo\":{\"@type\":\"ImageObject\",\"@id\":\"https:\/\/www.bestofrome.fr\/es\/#logo\",\"inLanguage\":\"es\",\"url\":\"https:\/\/www.bestofrome.fr\/wp-content\/uploads\/2025\/11\/logo512bestofrome.png\",\"contentUrl\":\"https:\/\/www.bestofrome.fr\/wp-content\/uploads\/2025\/11\/logo512bestofrome.png\",\"width\":512,\"height\":512,\"caption\":\"Bestofrome.fr\"},\"image\":{\"@id\":\"https:\/\/www.bestofrome.fr\/es\/#logo\"}},{\"@type\":\"WebSite\",\"@id\":\"https:\/\/www.bestofrome.fr\/es\/#website\",\"url\":\"https:\/\/www.bestofrome.fr\/es\/\",\"name\":\"Visita de Roma\",\"description\":\"Todo para viajar a Roma\",\"publisher\":{\"@id\":\"https:\/\/www.bestofrome.fr\/es\/#organization\"},\"potentialAction\":[{\"@type\":\"SearchAction\",\"target\":{\"@type\":\"EntryPoint\",\"urlTemplate\":\"https:\/\/www.bestofrome.fr\/es\/?s={search_term_string}\"},\"query-input\":\"required name=search_term_string\"}],\"inLanguage\":\"es\"},{\"@type\":\"WebPage\",\"@id\":\"https:\/\/www.bestofrome.fr\/es\/contactarnos\/#webpage\",\"url\":\"https:\/\/www.bestofrome.fr\/es\/contactarnos\/\",\"name\":\"Contactarnos - Visita de Roma\",\"isPartOf\":{\"@id\":\"https:\/\/www.bestofrome.fr\/es\/#website\"},\"datePublished\":\"2014-02-12T14:43:07+00:00\",\"dateModified\":\"2025-07-21T08:43:13+00:00\",\"breadcrumb\":{\"@id\":\"https:\/\/www.bestofrome.fr\/es\/contactarnos\/#breadcrumb\"},\"inLanguage\":\"es\",\"potentialAction\":[{\"@type\":\"ReadAction\",\"target\":[\"https:\/\/www.bestofrome.fr\/es\/contactarnos\/\"]}]},{\"@type\":\"BreadcrumbList\",\"@id\":\"https:\/\/www.bestofrome.fr\/es\/contactarnos\/#breadcrumb\",\"itemListElement\":[{\"@type\":\"ListItem\",\"position\":1,\"name\":\"Accueil\",\"item\":\"https:\/\/www.bestofrome.fr\/es\/\"},{\"@type\":\"ListItem\",\"position\":2,\"name\":\"Contactarnos\"}]}]}<\/script>\n<!-- \/ Yoast SEO plugin. -->","yoast_head_json":{"title":"Contactarnos - Visita de Roma","robots":{"index":"index","follow":"follow","max-snippet":"max-snippet:-1","max-image-preview":"max-image-preview:large","max-video-preview":"max-video-preview:-1"},"canonical":"https:\/\/www.bestofrome.fr\/es\/contactarnos\/","og_locale":"es_ES","og_type":"article","og_title":"Contactarnos - Visita de Roma","og_description":"Una observaci\u00f3n, pregunta o sugerencia para mejorar nuestro sitio, \u00a1no lo dudes! Por favor, activa JavaScript en tu navegador para completar este formulario.Nombre *E-mail *TemaComentario o mensaje *Casillas de verificaci\u00f3n *Acepta los t\u00e9rminos de nuestra pol\u00edtica de privacidad y gesti\u00f3n de datos (enlace a continuaci\u00f3n)NameEnviar \u2192 Consulte nuestra pol\u00edtica de privacidad","og_url":"https:\/\/www.bestofrome.fr\/es\/contactarnos\/","og_site_name":"Visita de Roma","article_modified_time":"2025-07-21T08:43:13+00:00","twitter_misc":{"Tiempo de lectura":"1 minuto"},"schema":{"@context":"https:\/\/schema.org","@graph":[{"@type":"Organization","@id":"https:\/\/www.bestofrome.fr\/es\/#organization","name":"Bestofrome.fr","url":"https:\/\/www.bestofrome.fr\/es\/","sameAs":[],"logo":{"@type":"ImageObject","@id":"https:\/\/www.bestofrome.fr\/es\/#logo","inLanguage":"es","url":"https:\/\/www.bestofrome.fr\/wp-content\/uploads\/2025\/11\/logo512bestofrome.png","contentUrl":"https:\/\/www.bestofrome.fr\/wp-content\/uploads\/2025\/11\/logo512bestofrome.png","width":512,"height":512,"caption":"Bestofrome.fr"},"image":{"@id":"https:\/\/www.bestofrome.fr\/es\/#logo"}},{"@type":"WebSite","@id":"https:\/\/www.bestofrome.fr\/es\/#website","url":"https:\/\/www.bestofrome.fr\/es\/","name":"Visita de Roma","description":"Todo para viajar a Roma","publisher":{"@id":"https:\/\/www.bestofrome.fr\/es\/#organization"},"potentialAction":[{"@type":"SearchAction","target":{"@type":"EntryPoint","urlTemplate":"https:\/\/www.bestofrome.fr\/es\/?s={search_term_string}"},"query-input":"required name=search_term_string"}],"inLanguage":"es"},{"@type":"WebPage","@id":"https:\/\/www.bestofrome.fr\/es\/contactarnos\/#webpage","url":"https:\/\/www.bestofrome.fr\/es\/contactarnos\/","name":"Contactarnos - Visita de Roma","isPartOf":{"@id":"https:\/\/www.bestofrome.fr\/es\/#website"},"datePublished":"2014-02-12T14:43:07+00:00","dateModified":"2025-07-21T08:43:13+00:00","breadcrumb":{"@id":"https:\/\/www.bestofrome.fr\/es\/contactarnos\/#breadcrumb"},"inLanguage":"es","potentialAction":[{"@type":"ReadAction","target":["https:\/\/www.bestofrome.fr\/es\/contactarnos\/"]}]},{"@type":"BreadcrumbList","@id":"https:\/\/www.bestofrome.fr\/es\/contactarnos\/#breadcrumb","itemListElement":[{"@type":"ListItem","position":1,"name":"Accueil","item":"https:\/\/www.bestofrome.fr\/es\/"},{"@type":"ListItem","position":2,"name":"Contactarnos"}]}]}},"_links":{"self":[{"href":"https:\/\/www.bestofrome.fr\/es\/wp-json\/wp\/v2\/pages\/34261"}],"collection":[{"href":"https:\/\/www.bestofrome.fr\/es\/wp-json\/wp\/v2\/pages"}],"about":[{"href":"https:\/\/www.bestofrome.fr\/es\/wp-json\/wp\/v2\/types\/page"}],"author":[{"embeddable":true,"href":"https:\/\/www.bestofrome.fr\/es\/wp-json\/wp\/v2\/users\/1"}],"replies":[{"embeddable":true,"href":"https:\/\/www.bestofrome.fr\/es\/wp-json\/wp\/v2\/comments?post=34261"}],"version-history":[{"count":1,"href":"https:\/\/www.bestofrome.fr\/es\/wp-json\/wp\/v2\/pages\/34261\/revisions"}],"predecessor-version":[{"id":34263,"href":"https:\/\/www.bestofrome.fr\/es\/wp-json\/wp\/v2\/pages\/34261\/revisions\/34263"}],"wp:attachment":[{"href":"https:\/\/www.bestofrome.fr\/es\/wp-json\/wp\/v2\/media?parent=34261"}],"wp:term":[{"taxonomy":"category","embeddable":true,"href":"https:\/\/www.bestofrome.fr\/es\/wp-json\/wp\/v2\/categories?post=34261"}],"curies":[{"name":"wp","href":"https:\/\/api.w.org\/{rel}","templated":true}]}}